{"id":7101,"date":"2025-06-07T20:33:18","date_gmt":"2025-06-07T20:33:18","guid":{"rendered":"https:\/\/westafricanewthinking.com\/?post_type=product&#038;p=7101"},"modified":"2025-06-07T20:33:18","modified_gmt":"2025-06-07T20:33:18","slug":"exceller-dans-une-chaine-de-valeur","status":"publish","type":"product","link":"https:\/\/westafricanewthinking.com\/en\/product\/exceller-dans-une-chaine-de-valeur\/","title":{"rendered":"EXCELLER DANS UNE CHAINE DE VALEUR"},"content":{"rendered":"<p><b>un cours avec 3 m\u00e9thodes \u00e0 fortes valeurs ajout\u00e9es<\/b><\/p>\n<p>Au moyen de la R\u00e9flexion strat\u00e9gique, concevoir un nouveau cadre de produits et service innovants pouvant ajouter de la valeur \u00e0 l\u2019\u00e9cosyst\u00e8me actuel et nous positionner.<\/p>\n<p><i>\u00ab\u00a0La r\u00e9flexion strat\u00e9gique v\u00e9ritablement innovante ne consiste pas \u00e0 reproduire de nouveaux mod\u00e8les dans les cadres existants, mais plut\u00f4t \u00e0 cr\u00e9er de nouveaux cadres et des mod\u00e8les diff\u00e9rents au sein de ces nouveaux cadres<\/i><i>.\u00a0\u00bb\u00a0\u00a0 <\/i>Dr Julia Sloan<\/p>\n<p>Utiliser l\u2019outil Challenge de la boite \u00e0 outil Pens\u00e9e Lat\u00e9rale pour explorer l\u2019existant et construire un tableau dans lequel l\u2019innovation viendra changer la donne en s\u2019appuyant sur les besoins non satisfaits des clients<\/p>\n<p>Utiliser les SIX CHAPEAUX DE LA REFLEXION pour analyser l\u2019\u00e9cosyst\u00e8me de la Chaine de Valeur concern\u00e9e et explorer les besoins repr\u00e9sentant une opportunit\u00e9 de prestation autour de laquelle structurer notre offre<\/p>\n<p>Construire un plan d\u2019actions de votre offre innovante et comp\u00e9titive pour r\u00e9pondre aux besoins identifi\u00e9s dans la chaine de valeurs vis\u00e9e.<\/p>","protected":false},"excerpt":{"rendered":"<p>Construire un plan d\u2019actions de votre offre innovante et comp\u00e9titive pour r\u00e9pondre aux besoins identifi\u00e9s dans la chaine de valeurs vis\u00e9e.<\/p>","protected":false},"featured_media":1346,"comment_status":"open","ping_status":"closed","template":"","meta":{"ocean_post_layout":"","ocean_both_sidebars_style":"","ocean_both_sidebars_content_width":0,"ocean_both_sidebars_sidebars_width":0,"ocean_sidebar":"0","ocean_second_sidebar":"0","ocean_disable_margins":"enable","ocean_add_body_class":"","ocean_shortcode_before_top_bar":"","ocean_shortcode_after_top_bar":"","ocean_shortcode_before_header":"","ocean_shortcode_after_header":"","ocean_has_shortcode":"","ocean_shortcode_after_title":"","ocean_shortcode_before_footer_widgets":"","ocean_shortcode_after_footer_widgets":"","ocean_shortcode_before_footer_bottom":"","ocean_shortcode_after_footer_bottom":"","ocean_display_top_bar":"default","ocean_display_header":"default","ocean_header_style":"","ocean_center_header_left_menu":"0","ocean_custom_header_template":"0","ocean_custom_logo":0,"ocean_custom_retina_logo":0,"ocean_custom_logo_max_width":0,"ocean_custom_logo_tablet_max_width":0,"ocean_custom_logo_mobile_max_width":0,"ocean_custom_logo_max_height":0,"ocean_custom_logo_tablet_max_height":0,"ocean_custom_logo_mobile_max_height":0,"ocean_header_custom_menu":"0","ocean_menu_typo_font_family":"0","ocean_menu_typo_font_subset":"","ocean_menu_typo_font_size":0,"ocean_menu_typo_font_size_tablet":0,"ocean_menu_typo_font_size_mobile":0,"ocean_menu_typo_font_size_unit":"px","ocean_menu_typo_font_weight":"","ocean_menu_typo_font_weight_tablet":"","ocean_menu_typo_font_weight_mobile":"","ocean_menu_typo_transform":"","ocean_menu_typo_transform_tablet":"","ocean_menu_typo_transform_mobile":"","ocean_menu_typo_line_height":0,"ocean_menu_typo_line_height_tablet":0,"ocean_menu_typo_line_height_mobile":0,"ocean_menu_typo_line_height_unit":"","ocean_menu_typo_spacing":0,"ocean_menu_typo_spacing_tablet":0,"ocean_menu_typo_spacing_mobile":0,"ocean_menu_typo_spacing_unit":"","ocean_menu_link_color":"","ocean_menu_link_color_hover":"","ocean_menu_link_color_active":"","ocean_menu_link_background":"","ocean_menu_link_hover_background":"","ocean_menu_link_active_background":"","ocean_menu_social_links_bg":"","ocean_menu_social_hover_links_bg":"","ocean_menu_social_links_color":"","ocean_menu_social_hover_links_color":"","ocean_disable_title":"default","ocean_disable_heading":"default","ocean_post_title":"","ocean_post_subheading":"","ocean_post_title_style":"","ocean_post_title_background_color":"","ocean_post_title_background":0,"ocean_post_title_bg_image_position":"","ocean_post_title_bg_image_attachment":"","ocean_post_title_bg_image_repeat":"","ocean_post_title_bg_image_size":"","ocean_post_title_height":0,"ocean_post_title_bg_overlay":0.5,"ocean_post_title_bg_overlay_color":"","ocean_disable_breadcrumbs":"default","ocean_breadcrumbs_color":"","ocean_breadcrumbs_separator_color":"","ocean_breadcrumbs_links_color":"","ocean_breadcrumbs_links_hover_color":"","ocean_display_footer_widgets":"default","ocean_display_footer_bottom":"default","ocean_custom_footer_template":"0"},"product_brand":[],"product_cat":[58,140],"product_tag":[],"class_list":{"0":"post-7101","1":"product","2":"type-product","3":"status-publish","4":"has-post-thumbnail","6":"product_cat-formation-la-pensee-laterale","7":"product_cat-sens-des-affaires","9":"entry","10":"has-media","12":"first","13":"instock","14":"taxable","15":"shipping-taxable","16":"purchasable","17":"product-type-simple","18":"has-product-nav","19":"col","20":"span_1_of_3","21":"owp-content-center","22":"owp-thumbs-layout-horizontal","23":"owp-btn-normal","24":"owp-tabs-layout-horizontal","25":"has-no-thumbnails"},"_links":{"self":[{"href":"https:\/\/westafricanewthinking.com\/en\/wp-json\/wp\/v2\/product\/7101","targetHints":{"allow":["GET"]}}],"collection":[{"href":"https:\/\/westafricanewthinking.com\/en\/wp-json\/wp\/v2\/product"}],"about":[{"href":"https:\/\/westafricanewthinking.com\/en\/wp-json\/wp\/v2\/types\/product"}],"replies":[{"embeddable":true,"href":"https:\/\/westafricanewthinking.com\/en\/wp-json\/wp\/v2\/comments?post=7101"}],"wp:featuredmedia":[{"embeddable":true,"href":"https:\/\/westafricanewthinking.com\/en\/wp-json\/wp\/v2\/media\/1346"}],"wp:attachment":[{"href":"https:\/\/westafricanewthinking.com\/en\/wp-json\/wp\/v2\/media?parent=7101"}],"wp:term":[{"taxonomy":"product_brand","embeddable":true,"href":"https:\/\/westafricanewthinking.com\/en\/wp-json\/wp\/v2\/product_brand?post=7101"},{"taxonomy":"product_cat","embeddable":true,"href":"https:\/\/westafricanewthinking.com\/en\/wp-json\/wp\/v2\/product_cat?post=7101"},{"taxonomy":"product_tag","embeddable":true,"href":"https:\/\/westafricanewthinking.com\/en\/wp-json\/wp\/v2\/product_tag?post=7101"}],"curies":[{"name":"wp","href":"https:\/\/api.w.org\/{rel}","templated":true}]}}