{"id":7100,"date":"2025-06-07T02:26:11","date_gmt":"2025-06-07T02:26:11","guid":{"rendered":"https:\/\/westafricanewthinking.com\/?post_type=product&#038;p=7100"},"modified":"2025-06-07T02:28:37","modified_gmt":"2025-06-07T02:28:37","slug":"declic-de-creativite","status":"publish","type":"product","link":"https:\/\/westafricanewthinking.com\/en\/product\/declic-de-creativite\/","title":{"rendered":"D\u00c9CLIC DE CR\u00c9ATIVIT\u00c9"},"content":{"rendered":"<h2><strong>Lib\u00e9rer, Piloter et D\u00e9velopper le Potentiel Humain<\/strong><\/h2>\n<p><strong>Cr\u00e9er et diriger votre programme d\u2019innovation.<\/strong><\/p>\n<p><strong>Un programme de base pour d\u00e9velopper, diriger et g\u00e9rer votre programme d\u2019innovation<\/strong><\/p>\n<p>Vous \u00eates int\u00e9ressez \u00e0 transformer votre activit\u00e9 et avez besoin de concevoir ou d\u2019acc\u00e9l\u00e9rer les r\u00e9sultats de votre initiative de Changement et de mieux le piloter. D\u00e9clic d\u2019innovation vous permettra de\/d\u2019:<\/p>\n<ul>\n<li>vous concentrer sur le coaching\/le leadership\/le conseil avec un accent sur l\u2019innovation et les solutions<\/li>\n<li>Disposer d\u2019un mod\u00e8le de comp\u00e9tences par \u00e9tapes bas\u00e9 sur les comp\u00e9tences qui op\u00e9rationnalisent votre effort cr\u00e9atif<\/li>\n<li>D\u2019utiliser un nouveau paradigme de pens\u00e9e, et de cr\u00e9er des r\u00e9sultats plus efficaces, productifs et innovants<\/li>\n<li>Compl\u00e9ter et peut \u00eatre facilement int\u00e9gr\u00e9 \u00e0 vos autres initiatives organisationnelles<\/li>\n<li>\u00c9laborer et \u00e9laborer un mod\u00e8le de pratiques exemplaires pour une r\u00e9flexion et des r\u00e9sultats nouveaux et novateurs et un suivi appropri\u00e9.<\/li>\n<\/ul>\n<p><strong>Module 1 &#8211; D\u00c9CLIC POUR INNOVER \u2013 Niveau de base 1<\/strong><\/p>\n<h3><strong>Avantages du programme :<\/strong><\/h3>\n<p><strong>Apr\u00e8s avoir termin\u00e9 avec succ\u00e8s le programme D\u00c9CLIC pour Innover de Base en tant que leader-coach et mentor d\u00e9sign\u00e9, vous serez en mesure de :<\/strong><\/p>\n<ul>\n<li>Diriger et coacher avec le processus de pens\u00e9e innovante du Dr de Bono<\/li>\n<li>Utiliser la r\u00e9flexion int\u00e9gr\u00e9e et syst\u00e9matique comme outil d\u2019action pour vous permettre, \u00e0 vous et \u00e0 votre entreprise, d\u2019actualiser et de r\u00e9aliser plus pleinement le potentiel de votre capital humain et de savoir profiter de ses talents.<\/li>\n<li>Apprendre \u00e0 utiliser une approche comportementale de la nouvelle pens\u00e9e \u00e9prouv\u00e9e au niveau international qui s\u2019appuie sur et rend plus productifs les styles de pens\u00e9e actuels et souvent diff\u00e9rents.<\/li>\n<li>Cr\u00e9er une nouvelle capacit\u00e9, un nouvel environnement et une nouvelle synergie pour la coop\u00e9ration, la collaboration, l\u2019alignement des \u00e9quipes, l\u2019intelligence collective, la performance, la productivit\u00e9 et l\u2019innovation.<\/li>\n<li>Renforcer, mod\u00e9liser et g\u00e9n\u00e9rer positivement de nouvelles id\u00e9es et des comportements de leadership constructifs.<\/li>\n<li>Maximiser la concentration et diriger efficacement le capital intellectuel et l\u2019\u00e9nergie \u00e9motionnelle de vos \u00e9quipes de direction.<\/li>\n<li>Apprendre \u00e0 utiliser efficacement la perturbation cr\u00e9ative, soit comme une provocation montante, soit comme une provocation intentionnelle.<\/li>\n<li>Changer et s\u2019\u00e9loigner de la pens\u00e9e positionnelle et conflictuelle pour une pens\u00e9e parall\u00e8le et lat\u00e9rale productive.<\/li>\n<li>Faites \u00e9voluer la r\u00e9flexion de vos \u00e9quipes et les actions qui en r\u00e9sultent vers de nouveaux niveaux de compr\u00e9hension, de perspicacit\u00e9 et de performance cr\u00e9ative.<\/li>\n<li>Surmontez les styles et les diff\u00e9rences concurrents et prenez des d\u00e9cisions int\u00e9gratives et participatives.<\/li>\n<\/ul>\n<ul>\n<li>Aligner strat\u00e9giquement et maximiser votre processus de prise de d\u00e9cision, cr\u00e9er de meilleures options et minimiser les risques.<\/li>\n<li>Remettre en question de mani\u00e8re productive et positive et mener une nouvelle r\u00e9flexion au sein de vos \u00e9quipes.<\/li>\n<\/ul>\n<p>Accro\u00eetre l&rsquo;accord sur les orientations futures, les objectifs et les intentions de l&rsquo;organisation.<\/p>\n<p>&nbsp;<\/p>\n<p><strong>Module 2 \u2013D\u00c9CLIC POUR INNOVER \u2013 Niveau 2- Sup\u00e9rieur<\/strong><\/p>\n<h3><strong>Le Projet Organisationnel d\u2019Innovation<\/strong><\/h3>\n<p><strong>En vous appuyant sur les comp\u00e9tences de direction\/coaching de l&rsquo;exp\u00e9rience D\u00e9Clic pour Innover Niveau 1, vous passez maintenant au niveau suivant, celui de l&rsquo;innovation ax\u00e9e sur les r\u00e9sultats dans le cadre d&rsquo;un projet.<\/strong><\/p>\n<ul>\n<li>Focaliser et aligner le potentiel humain, l&rsquo;information, la technologie et l&rsquo;innovation.<\/li>\n<li>Utiliser le Consulting d\u2019action pour obtenir des r\u00e9sultats par le biais de projets d&rsquo;innovation au sein de votre organisation<\/li>\n<li>Cr\u00e9er et ex\u00e9cuter un processus proactif de coaching, de direction et de conseil en mati\u00e8re d&rsquo;innovation qui peut \u00eatre utilis\u00e9 dans l&rsquo;ensemble de l&rsquo;organisation.<\/li>\n<li>D\u00e9velopper un mod\u00e8le sur mesure ou personnalis\u00e9 et une orientation vers l&rsquo;innovation adapt\u00e9e aux besoins de votre organisation.<\/li>\n<\/ul>\n<p>&nbsp;<\/p>\n<ul>\n<li><strong>Avantages de l&rsquo;ach\u00e8vement du programme CLiC avanc\u00e9 pilot\u00e9 par un projet : <\/strong><\/li>\n<li>Tous les avantages de l&rsquo;\u00e9tape de base, du D\u00e9clic pour Innover, plus<\/li>\n<li>Une approche int\u00e9gr\u00e9e, ax\u00e9e sur les projets, de la formation et du d\u00e9veloppement organisationnel qui produit des r\u00e9sultats avec un minimum de perturbations.<\/li>\n<li>Une \u00e9quipe organisationnelle \u00e9quip\u00e9e pour diriger et utiliser des processus efficaces de gestion du changement et d&rsquo;innovation dans l&rsquo;ensemble de votre organisation.<\/li>\n<li>Un soutien continu tout au long du projet de la part du Groupe de Bono et de votre superviseur, ainsi que d&rsquo;un groupe de soutien interne.<\/li>\n<li>Un processus ax\u00e9 sur les r\u00e9sultats et centr\u00e9 sur le retour sur investissement et la rentabilit\u00e9.<\/li>\n<li>Un processus ax\u00e9 sur l&rsquo;apprentissage et les comp\u00e9tences, o\u00f9 \u00ab\u00a0faire plus avec moins\u00a0\u00bb est un r\u00e9sultat final r\u00e9alisable.<\/li>\n<li>Un processus cr\u00e9atif, productif et rentable pour renforcer l&rsquo;esprit d&rsquo;\u00e9quipe et la motivation des employ\u00e9s.<\/li>\n<li>Efficacit\u00e9 organisationnelle, innovation et leadership.<\/li>\n<li>Une approche qui compl\u00e8te et maximise vos efforts actuels de d\u00e9veloppement organisationnel (innovation, int\u00e9gration de programmes, gestion du changement, fusions et acquisitions,) etc.<\/li>\n<li>D\u00e9montrez et \u00e9quipez vos \u00e9quipes de direction pour produire des d\u00e9cisions de meilleure qualit\u00e9, inclusives, mutuellement d\u00e9velopp\u00e9es et prises en charge, plus approfondies et plus progressistes.<\/li>\n<li>Cr\u00e9ez une pr\u00e9paration et une capacit\u00e9 individuelles, d\u2019\u00e9quipe doubl\u00e9e d\u2019une capacit\u00e9 organisationnelle pour r\u00e9aliser votre programme d\u2019innovation.<\/li>\n<li>Cr\u00e9ez une culture de r\u00e9flexion productive et innovante.<\/li>\n<\/ul>","protected":false},"excerpt":{"rendered":"<p><strong>Un programme de base pour d\u00e9velopper, diriger et g\u00e9rer votre programme d\u2019innovation<\/strong><\/p>\n<p>Vous \u00eates int\u00e9ressez \u00e0 transformer votre activit\u00e9 et avez besoin de concevoir ou d\u2019acc\u00e9l\u00e9rer les r\u00e9sultats de votre initiative de Changement et de mieux le piloter. D\u00e9clic d\u2019innovation vous permettra de\/d\u2019:<\/p>\n<ul>\n<li>vous concentrer sur le coaching\/le leadership\/le conseil avec un accent sur l\u2019innovation et les solutions<\/li>\n<li>Disposer d\u2019un mod\u00e8le de comp\u00e9tences par \u00e9tapes bas\u00e9 sur les comp\u00e9tences qui op\u00e9rationnalisent votre effort cr\u00e9atif<\/li>\n<li>D\u2019utiliser un nouveau paradigme de pens\u00e9e, et de cr\u00e9er des r\u00e9sultats plus efficaces, productifs et innovants<\/li>\n<li>Compl\u00e9ter et peut \u00eatre facilement int\u00e9gr\u00e9 \u00e0 vos autres initiatives organisationnelles<\/li>\n<li>\u00c9laborer et \u00e9laborer un mod\u00e8le de pratiques exemplaires pour une r\u00e9flexion et des r\u00e9sultats nouveaux et novateurs et un suivi appropri\u00e9.<\/li>\n<\/ul>\n<p>&nbsp;<\/p>\n<ul>\n<li><strong>DATE ET LIEU : OCTOBRE 2025 \u00e0 WASHINGTON, DC<\/strong><\/li>\n<\/ul>","protected":false},"featured_media":7098,"comment_status":"open","ping_status":"closed","template":"","meta":{"ocean_post_layout":"","ocean_both_sidebars_style":"","ocean_both_sidebars_content_width":0,"ocean_both_sidebars_sidebars_width":0,"ocean_sidebar":"0","ocean_second_sidebar":"0","ocean_disable_margins":"enable","ocean_add_body_class":"","ocean_shortcode_before_top_bar":"","ocean_shortcode_after_top_bar":"","ocean_shortcode_before_header":"","ocean_shortcode_after_header":"","ocean_has_shortcode":"","ocean_shortcode_after_title":"","ocean_shortcode_before_footer_widgets":"","ocean_shortcode_after_footer_widgets":"","ocean_shortcode_before_footer_bottom":"","ocean_shortcode_after_footer_bottom":"","ocean_display_top_bar":"default","ocean_display_header":"default","ocean_header_style":"","ocean_center_header_left_menu":"0","ocean_custom_header_template":"0","ocean_custom_logo":0,"ocean_custom_retina_logo":0,"ocean_custom_logo_max_width":0,"ocean_custom_logo_tablet_max_width":0,"ocean_custom_logo_mobile_max_width":0,"ocean_custom_logo_max_height":0,"ocean_custom_logo_tablet_max_height":0,"ocean_custom_logo_mobile_max_height":0,"ocean_header_custom_menu":"0","ocean_menu_typo_font_family":"0","ocean_menu_typo_font_subset":"","ocean_menu_typo_font_size":0,"ocean_menu_typo_font_size_tablet":0,"ocean_menu_typo_font_size_mobile":0,"ocean_menu_typo_font_size_unit":"px","ocean_menu_typo_font_weight":"","ocean_menu_typo_font_weight_tablet":"","ocean_menu_typo_font_weight_mobile":"","ocean_menu_typo_transform":"","ocean_menu_typo_transform_tablet":"","ocean_menu_typo_transform_mobile":"","ocean_menu_typo_line_height":0,"ocean_menu_typo_line_height_tablet":0,"ocean_menu_typo_line_height_mobile":0,"ocean_menu_typo_line_height_unit":"","ocean_menu_typo_spacing":0,"ocean_menu_typo_spacing_tablet":0,"ocean_menu_typo_spacing_mobile":0,"ocean_menu_typo_spacing_unit":"","ocean_menu_link_color":"","ocean_menu_link_color_hover":"","ocean_menu_link_color_active":"","ocean_menu_link_background":"","ocean_menu_link_hover_background":"","ocean_menu_link_active_background":"","ocean_menu_social_links_bg":"","ocean_menu_social_hover_links_bg":"","ocean_menu_social_links_color":"","ocean_menu_social_hover_links_color":"","ocean_disable_title":"default","ocean_disable_heading":"default","ocean_post_title":"","ocean_post_subheading":"","ocean_post_title_style":"","ocean_post_title_background_color":"","ocean_post_title_background":0,"ocean_post_title_bg_image_position":"","ocean_post_title_bg_image_attachment":"","ocean_post_title_bg_image_repeat":"","ocean_post_title_bg_image_size":"","ocean_post_title_height":0,"ocean_post_title_bg_overlay":0.5,"ocean_post_title_bg_overlay_color":"","ocean_disable_breadcrumbs":"default","ocean_breadcrumbs_color":"","ocean_breadcrumbs_separator_color":"","ocean_breadcrumbs_links_color":"","ocean_breadcrumbs_links_hover_color":"","ocean_display_footer_widgets":"default","ocean_display_footer_bottom":"default","ocean_custom_footer_template":"0"},"product_brand":[],"product_cat":[58,139],"product_tag":[],"class_list":{"0":"post-7100","1":"product","2":"type-product","3":"status-publish","4":"has-post-thumbnail","6":"product_cat-formation-la-pensee-laterale","7":"product_cat-strategic-thinking","9":"entry","10":"has-media","12":"first","13":"instock","14":"taxable","15":"shipping-taxable","16":"purchasable","17":"product-type-simple","18":"has-product-nav","19":"col","20":"span_1_of_3","21":"owp-content-center","22":"owp-thumbs-layout-horizontal","23":"owp-btn-normal","24":"owp-tabs-layout-horizontal","25":"has-no-thumbnails"},"_links":{"self":[{"href":"https:\/\/westafricanewthinking.com\/en\/wp-json\/wp\/v2\/product\/7100","targetHints":{"allow":["GET"]}}],"collection":[{"href":"https:\/\/westafricanewthinking.com\/en\/wp-json\/wp\/v2\/product"}],"about":[{"href":"https:\/\/westafricanewthinking.com\/en\/wp-json\/wp\/v2\/types\/product"}],"replies":[{"embeddable":true,"href":"https:\/\/westafricanewthinking.com\/en\/wp-json\/wp\/v2\/comments?post=7100"}],"wp:featuredmedia":[{"embeddable":true,"href":"https:\/\/westafricanewthinking.com\/en\/wp-json\/wp\/v2\/media\/7098"}],"wp:attachment":[{"href":"https:\/\/westafricanewthinking.com\/en\/wp-json\/wp\/v2\/media?parent=7100"}],"wp:term":[{"taxonomy":"product_brand","embeddable":true,"href":"https:\/\/westafricanewthinking.com\/en\/wp-json\/wp\/v2\/product_brand?post=7100"},{"taxonomy":"product_cat","embeddable":true,"href":"https:\/\/westafricanewthinking.com\/en\/wp-json\/wp\/v2\/product_cat?post=7100"},{"taxonomy":"product_tag","embeddable":true,"href":"https:\/\/westafricanewthinking.com\/en\/wp-json\/wp\/v2\/product_tag?post=7100"}],"curies":[{"name":"wp","href":"https:\/\/api.w.org\/{rel}","templated":true}]}}