{"id":7099,"date":"2025-06-07T01:47:07","date_gmt":"2025-06-07T01:47:07","guid":{"rendered":"https:\/\/westafricanewthinking.com\/?post_type=product&#038;p=7099"},"modified":"2025-06-07T01:48:07","modified_gmt":"2025-06-07T01:48:07","slug":"le-leader-de-la-pensee-innovante","status":"publish","type":"product","link":"https:\/\/westafricanewthinking.com\/en\/product\/le-leader-de-la-pensee-innovante\/","title":{"rendered":"LE LEADER DE LA PENS\u00c9E INNOVANTE"},"content":{"rendered":"<p><strong>Utiliser des outils \u00e9prouv\u00e9s qui font la diff\u00e9rence<br \/>\ndirig\u00e9 par James P. (Pat) Carlisle coanim\u00e9 par Riches DJEDJES\u00a0 <\/strong><\/p>\n<p><strong><em>Repensez et recadrez<\/em><\/strong>\u00a0la fa\u00e7on dont vous pensez \u00eatre un leader et exercez votre leadership. En utilisant les m\u00e9thodes de r\u00e9flexion \u00e9prouv\u00e9es et puissantes de Bono, nous avons associ\u00e9 la productivit\u00e9, l\u2019efficacit\u00e9, la cr\u00e9ativit\u00e9 et la pens\u00e9e conceptuelle innovante au leadership.<\/p>\n<p>Fond\u00e9 sur les nouvelles m\u00e9thodes de pens\u00e9e d\u2019Edward de Bono et construit sur le cadre du groupe de Bono d\u2019un paradigme int\u00e9gr\u00e9 de pens\u00e9e innovante et de leadership, nous sommes heureux d\u2019annoncer un nouveau programme qui\u00a0<strong><em>fournit un ensemble incomparable et in\u00e9gal\u00e9 de quatre outils pour op\u00e9rationnaliser un leadership innovant efficace et nouveau.<\/em><\/strong><\/p>\n<p><strong>Ce \u00e0 quoi vous attendre<\/strong><\/p>\n<p>Il s&rsquo;agit d&rsquo;un trio puissant et \u00e9prouv\u00e9 de m\u00e9thodes et d&rsquo;outils ; deux bas\u00e9s sur le comportement (les Six chapeaux de la pens\u00e9e et l&rsquo;Inventaire des pratiques de leadership, <strong>IPL<\/strong>) et un ax\u00e9 sur la personnalit\u00e9\/la vision (le Rapport de coaching en leadership) afin d&rsquo;accro\u00eetre la conscience de soi pour renforcer une utilisation plus intentionnelle de soi.<\/p>","protected":false},"excerpt":{"rendered":"<h4><strong>Principaux avantages et ce que vous retirerez de ce programme :<\/strong><\/h4>\n<ul>\n<li><strong>Exp\u00e9rience pratique, <\/strong>encadrement et instructions\u00a0sur la fa\u00e7on de faire une diff\u00e9rence et d\u2019utiliser le\u00a0mod\u00e8le de leader innovateur\u00a0dans votre organisation.<\/li>\n<li><strong>Leadership, conscience <\/strong><strong>comportementale<\/strong>\u00a0et compr\u00e9hension de la fa\u00e7on dont vous vous voyez ainsi que de la fa\u00e7on dont les autres vous per\u00e7oivent.<\/li>\n<li><strong>De nouvelles connaissances<\/strong> sur la mani\u00e8re dont certains traits de personnalit\u00e9 peuvent faciliter ou entraver votre r\u00f4le en tant que leader de la pens\u00e9e innovante.<\/li>\n<li><strong>Exp\u00e9rimenter et apprendre<\/strong> comment la m\u00e9thode de la pens\u00e9e parall\u00e8le, les Six Chapeaux de la R\u00e9flexion interagissent puissamment et positivement avec le mod\u00e8le Posner et Kouzes Leadership Challenge.<\/li>\n<li><strong>Comprendre la nature compl\u00e9mentaire des trois outils\u00a0:<\/strong> les six chapeaux de la pens\u00e9e, les cinq comportements exemplaires en mati\u00e8re de leadership et vos scores de traits de personnalit\u00e9 16PF, ainsi que de la mani\u00e8re dont les outils se chevauchent et s&rsquo;int\u00e8grent de mani\u00e8re productive.<\/li>\n<li><strong>Un plan d&rsquo;actions Leader de R\u00e9flexion Innovative (Innovative Thinking Leader\u2122)<\/strong> pour votre d\u00e9veloppement continu.<\/li>\n<\/ul>\n<ul>\n<li><strong>DATE ET LIEU : 23 JUIN 2025 \u00e0 LOM\u00c9 OU LAGOS<\/strong><\/li>\n<\/ul>","protected":false},"featured_media":1347,"comment_status":"open","ping_status":"closed","template":"","meta":{"ocean_post_layout":"","ocean_both_sidebars_style":"","ocean_both_sidebars_content_width":0,"ocean_both_sidebars_sidebars_width":0,"ocean_sidebar":"0","ocean_second_sidebar":"0","ocean_disable_margins":"enable","ocean_add_body_class":"","ocean_shortcode_before_top_bar":"","ocean_shortcode_after_top_bar":"","ocean_shortcode_before_header":"","ocean_shortcode_after_header":"","ocean_has_shortcode":"","ocean_shortcode_after_title":"","ocean_shortcode_before_footer_widgets":"","ocean_shortcode_after_footer_widgets":"","ocean_shortcode_before_footer_bottom":"","ocean_shortcode_after_footer_bottom":"","ocean_display_top_bar":"default","ocean_display_header":"default","ocean_header_style":"","ocean_center_header_left_menu":"0","ocean_custom_header_template":"0","ocean_custom_logo":0,"ocean_custom_retina_logo":0,"ocean_custom_logo_max_width":0,"ocean_custom_logo_tablet_max_width":0,"ocean_custom_logo_mobile_max_width":0,"ocean_custom_logo_max_height":0,"ocean_custom_logo_tablet_max_height":0,"ocean_custom_logo_mobile_max_height":0,"ocean_header_custom_menu":"0","ocean_menu_typo_font_family":"0","ocean_menu_typo_font_subset":"","ocean_menu_typo_font_size":0,"ocean_menu_typo_font_size_tablet":0,"ocean_menu_typo_font_size_mobile":0,"ocean_menu_typo_font_size_unit":"px","ocean_menu_typo_font_weight":"","ocean_menu_typo_font_weight_tablet":"","ocean_menu_typo_font_weight_mobile":"","ocean_menu_typo_transform":"","ocean_menu_typo_transform_tablet":"","ocean_menu_typo_transform_mobile":"","ocean_menu_typo_line_height":0,"ocean_menu_typo_line_height_tablet":0,"ocean_menu_typo_line_height_mobile":0,"ocean_menu_typo_line_height_unit":"","ocean_menu_typo_spacing":0,"ocean_menu_typo_spacing_tablet":0,"ocean_menu_typo_spacing_mobile":0,"ocean_menu_typo_spacing_unit":"","ocean_menu_link_color":"","ocean_menu_link_color_hover":"","ocean_menu_link_color_active":"","ocean_menu_link_background":"","ocean_menu_link_hover_background":"","ocean_menu_link_active_background":"","ocean_menu_social_links_bg":"","ocean_menu_social_hover_links_bg":"","ocean_menu_social_links_color":"","ocean_menu_social_hover_links_color":"","ocean_disable_title":"default","ocean_disable_heading":"default","ocean_post_title":"","ocean_post_subheading":"","ocean_post_title_style":"","ocean_post_title_background_color":"","ocean_post_title_background":0,"ocean_post_title_bg_image_position":"","ocean_post_title_bg_image_attachment":"","ocean_post_title_bg_image_repeat":"","ocean_post_title_bg_image_size":"","ocean_post_title_height":0,"ocean_post_title_bg_overlay":0.5,"ocean_post_title_bg_overlay_color":"","ocean_disable_breadcrumbs":"default","ocean_breadcrumbs_color":"","ocean_breadcrumbs_separator_color":"","ocean_breadcrumbs_links_color":"","ocean_breadcrumbs_links_hover_color":"","ocean_display_footer_widgets":"default","ocean_display_footer_bottom":"default","ocean_custom_footer_template":"0"},"product_brand":[],"product_cat":[59,139,138],"product_tag":[],"class_list":{"0":"post-7099","1":"product","2":"type-product","3":"status-publish","4":"has-post-thumbnail","6":"product_cat-formation-six-chapeaux-de-la-reflection","7":"product_cat-strategic-thinking","8":"product_cat-thinking-by-design","10":"entry","11":"has-media","13":"first","14":"instock","15":"taxable","16":"shipping-taxable","17":"purchasable","18":"product-type-simple","19":"has-product-nav","20":"col","21":"span_1_of_3","22":"owp-content-center","23":"owp-thumbs-layout-horizontal","24":"owp-btn-normal","25":"owp-tabs-layout-horizontal","26":"has-no-thumbnails"},"_links":{"self":[{"href":"https:\/\/westafricanewthinking.com\/en\/wp-json\/wp\/v2\/product\/7099","targetHints":{"allow":["GET"]}}],"collection":[{"href":"https:\/\/westafricanewthinking.com\/en\/wp-json\/wp\/v2\/product"}],"about":[{"href":"https:\/\/westafricanewthinking.com\/en\/wp-json\/wp\/v2\/types\/product"}],"replies":[{"embeddable":true,"href":"https:\/\/westafricanewthinking.com\/en\/wp-json\/wp\/v2\/comments?post=7099"}],"wp:featuredmedia":[{"embeddable":true,"href":"https:\/\/westafricanewthinking.com\/en\/wp-json\/wp\/v2\/media\/1347"}],"wp:attachment":[{"href":"https:\/\/westafricanewthinking.com\/en\/wp-json\/wp\/v2\/media?parent=7099"}],"wp:term":[{"taxonomy":"product_brand","embeddable":true,"href":"https:\/\/westafricanewthinking.com\/en\/wp-json\/wp\/v2\/product_brand?post=7099"},{"taxonomy":"product_cat","embeddable":true,"href":"https:\/\/westafricanewthinking.com\/en\/wp-json\/wp\/v2\/product_cat?post=7099"},{"taxonomy":"product_tag","embeddable":true,"href":"https:\/\/westafricanewthinking.com\/en\/wp-json\/wp\/v2\/product_tag?post=7099"}],"curies":[{"name":"wp","href":"https:\/\/api.w.org\/{rel}","templated":true}]}}