{"id":7095,"date":"2025-06-06T23:43:40","date_gmt":"2025-06-06T23:43:40","guid":{"rendered":"https:\/\/westafricanewthinking.com\/?post_type=product&#038;p=7095"},"modified":"2025-06-07T00:07:16","modified_gmt":"2025-06-07T00:07:16","slug":"equipes-de-hautes-performances","status":"publish","type":"product","link":"https:\/\/westafricanewthinking.com\/en\/product\/equipes-de-hautes-performances\/","title":{"rendered":"EQUIPES DE HAUTES PERFORMANCES"},"content":{"rendered":"<p><strong>CREER ET DIRIGER DES EQUIPES DE HAUTES PERFORMANCES<\/strong><\/p>\n<p><strong>La question cl\u00e9<\/strong><\/p>\n<p>Amener des groupes et des \u00e9quipes \u00e0 r\u00e9fl\u00e9chir et \u00e0 imaginer afin de prendre des d\u00e9cisions de meilleure qualit\u00e9 (quelle que soit l\u2019application) dans l\u2019environnement de travail est un besoin commun \u00e0 la plupart des organisations aujourd\u2019hui. Pourtant, nous continuons \u00e0 utiliser des processus lents et improductifs pour r\u00e9pondre \u00e0 ce besoin. La pens\u00e9e point \u00e0 point, la pens\u00e9e Oui\/Non, les arguments, les questions de pouvoir et d\u2019autorit\u00e9 pr\u00e9valent toutes dans les processus de prise de d\u00e9cision typiques. Vous pouvez imaginer et peut-\u00eatre conna\u00eetre les cons\u00e9quences par votre propre exp\u00e9rience. Le plus souvent, les meilleures id\u00e9es n\u2019\u00e9mergent pas, et les participants sont souvent r\u00e9ticents \u00e0 jouer \u00e9tant donn\u00e9 les probl\u00e8mes de pouvoir et d\u2019autorit\u00e9 en jeu. M\u00eame lorsqu\u2019une id\u00e9e est propos\u00e9e, elle est souvent peu prise en compte, ce qui entra\u00eene une mise en \u0153uvre inefficace. Et la liste des questions et des probl\u00e8mes peut continuer.<\/p>\n<p>&nbsp;<\/p>\n<p>Au milieu de toute cette confusion et de ces efforts improductifs, vous pourriez entendre quelqu\u2019un dire\u00a0<em>ou vous pourriez vous dire<\/em>\u00a0: \u00ab Ce dont nous avons besoin, c\u2019est d\u2019un moyen de penser et d\u2019agir de mani\u00e8re plus productive en tant que groupe afin de prendre des d\u00e9cisions de meilleure qualit\u00e9 sur le travail que nous faisons ! \u00bb Et nos oreilles internes ou externes entendent un\u00a0<strong><em>OUI<\/em><\/strong>\u00a0retentissant \u00e0 ce besoin.<\/p>","protected":false},"excerpt":{"rendered":"<ul>\n<li><strong>boites \u00e0 outils : SIX CHAPEAU DE LA R\u00c9FLEXION ET FOCUS<\/strong><\/li>\n<\/ul>\n<p>Les managers qui veulent aider leurs \u00e9quipes \u00e0 prendre des d\u00e9cisions de meilleure qualit\u00e9 tout en augmentant l&rsquo;appropriation ; les consultants internes ou externes qui travaillent sur les syst\u00e8mes organisationnels ; tous ceux qui veulent utiliser un ensemble d&rsquo;outils efficaces pour atteindre des niveaux plus \u00e9lev\u00e9s de r\u00e9flexion, de production et d&rsquo;action.<\/p>\n<ul>\n<li><strong>DATE ET LIEU : JUILLET 2025 \u00e0 ABIDJAN<\/strong><\/li>\n<\/ul>","protected":false},"featured_media":1347,"comment_status":"open","ping_status":"closed","template":"","meta":{"ocean_post_layout":"","ocean_both_sidebars_style":"","ocean_both_sidebars_content_width":0,"ocean_both_sidebars_sidebars_width":0,"ocean_sidebar":"0","ocean_second_sidebar":"0","ocean_disable_margins":"enable","ocean_add_body_class":"","ocean_shortcode_before_top_bar":"","ocean_shortcode_after_top_bar":"","ocean_shortcode_before_header":"","ocean_shortcode_after_header":"","ocean_has_shortcode":"","ocean_shortcode_after_title":"","ocean_shortcode_before_footer_widgets":"","ocean_shortcode_after_footer_widgets":"","ocean_shortcode_before_footer_bottom":"","ocean_shortcode_after_footer_bottom":"","ocean_display_top_bar":"default","ocean_display_header":"default","ocean_header_style":"","ocean_center_header_left_menu":"0","ocean_custom_header_template":"0","ocean_custom_logo":0,"ocean_custom_retina_logo":0,"ocean_custom_logo_max_width":0,"ocean_custom_logo_tablet_max_width":0,"ocean_custom_logo_mobile_max_width":0,"ocean_custom_logo_max_height":0,"ocean_custom_logo_tablet_max_height":0,"ocean_custom_logo_mobile_max_height":0,"ocean_header_custom_menu":"0","ocean_menu_typo_font_family":"0","ocean_menu_typo_font_subset":"","ocean_menu_typo_font_size":0,"ocean_menu_typo_font_size_tablet":0,"ocean_menu_typo_font_size_mobile":0,"ocean_menu_typo_font_size_unit":"px","ocean_menu_typo_font_weight":"","ocean_menu_typo_font_weight_tablet":"","ocean_menu_typo_font_weight_mobile":"","ocean_menu_typo_transform":"","ocean_menu_typo_transform_tablet":"","ocean_menu_typo_transform_mobile":"","ocean_menu_typo_line_height":0,"ocean_menu_typo_line_height_tablet":0,"ocean_menu_typo_line_height_mobile":0,"ocean_menu_typo_line_height_unit":"","ocean_menu_typo_spacing":0,"ocean_menu_typo_spacing_tablet":0,"ocean_menu_typo_spacing_mobile":0,"ocean_menu_typo_spacing_unit":"","ocean_menu_link_color":"","ocean_menu_link_color_hover":"","ocean_menu_link_color_active":"","ocean_menu_link_background":"","ocean_menu_link_hover_background":"","ocean_menu_link_active_background":"","ocean_menu_social_links_bg":"","ocean_menu_social_hover_links_bg":"","ocean_menu_social_links_color":"","ocean_menu_social_hover_links_color":"","ocean_disable_title":"default","ocean_disable_heading":"default","ocean_post_title":"","ocean_post_subheading":"","ocean_post_title_style":"","ocean_post_title_background_color":"","ocean_post_title_background":0,"ocean_post_title_bg_image_position":"","ocean_post_title_bg_image_attachment":"","ocean_post_title_bg_image_repeat":"","ocean_post_title_bg_image_size":"","ocean_post_title_height":0,"ocean_post_title_bg_overlay":0.5,"ocean_post_title_bg_overlay_color":"","ocean_disable_breadcrumbs":"default","ocean_breadcrumbs_color":"","ocean_breadcrumbs_separator_color":"","ocean_breadcrumbs_links_color":"","ocean_breadcrumbs_links_hover_color":"","ocean_display_footer_widgets":"default","ocean_display_footer_bottom":"default","ocean_custom_footer_template":"0"},"product_brand":[],"product_cat":[74,59],"product_tag":[],"class_list":{"0":"post-7095","1":"product","2":"type-product","3":"status-publish","4":"has-post-thumbnail","6":"product_cat-formation-focus-sur-la-facilitation","7":"product_cat-formation-six-chapeaux-de-la-reflection","9":"entry","10":"has-media","12":"first","13":"instock","14":"taxable","15":"shipping-taxable","16":"purchasable","17":"product-type-simple","18":"has-product-nav","19":"col","20":"span_1_of_3","21":"owp-content-center","22":"owp-thumbs-layout-horizontal","23":"owp-btn-normal","24":"owp-tabs-layout-horizontal","25":"has-no-thumbnails"},"_links":{"self":[{"href":"https:\/\/westafricanewthinking.com\/en\/wp-json\/wp\/v2\/product\/7095","targetHints":{"allow":["GET"]}}],"collection":[{"href":"https:\/\/westafricanewthinking.com\/en\/wp-json\/wp\/v2\/product"}],"about":[{"href":"https:\/\/westafricanewthinking.com\/en\/wp-json\/wp\/v2\/types\/product"}],"replies":[{"embeddable":true,"href":"https:\/\/westafricanewthinking.com\/en\/wp-json\/wp\/v2\/comments?post=7095"}],"wp:featuredmedia":[{"embeddable":true,"href":"https:\/\/westafricanewthinking.com\/en\/wp-json\/wp\/v2\/media\/1347"}],"wp:attachment":[{"href":"https:\/\/westafricanewthinking.com\/en\/wp-json\/wp\/v2\/media?parent=7095"}],"wp:term":[{"taxonomy":"product_brand","embeddable":true,"href":"https:\/\/westafricanewthinking.com\/en\/wp-json\/wp\/v2\/product_brand?post=7095"},{"taxonomy":"product_cat","embeddable":true,"href":"https:\/\/westafricanewthinking.com\/en\/wp-json\/wp\/v2\/product_cat?post=7095"},{"taxonomy":"product_tag","embeddable":true,"href":"https:\/\/westafricanewthinking.com\/en\/wp-json\/wp\/v2\/product_tag?post=7095"}],"curies":[{"name":"wp","href":"https:\/\/api.w.org\/{rel}","templated":true}]}}