{"id":6439,"date":"2024-07-04T11:30:47","date_gmt":"2024-07-04T11:30:47","guid":{"rendered":"https:\/\/westafricanewthinking.com\/?post_type=product&#038;p=6439"},"modified":"2025-06-07T01:11:01","modified_gmt":"2025-06-07T01:11:01","slug":"formation-releverledefidelinnovation","status":"publish","type":"product","link":"https:\/\/westafricanewthinking.com\/en\/product\/formation-releverledefidelinnovation\/","title":{"rendered":"RELEVER LE DEFI DE L&rsquo;INNOVATION"},"content":{"rendered":"<p>Le besoin d&rsquo;innovation dans le monde d\u2019aujourd\u2019hui n\u2019est plus une option mais une n\u00e9cessit\u00e9 incontestable pour r\u00e9ussir et dominer. Que vous soyez une entreprise priv\u00e9e, une agence d\u2019ex\u00e9cution ou un Etat, tous, nous op\u00e9rons dans un environnement en perp\u00e9tuel mutation et sur un march\u00e9 mondial ultra comp\u00e9titif, plein de challenges et d\u2019opportunit\u00e9s. C\u2019est pourquoi d\u00e9sormais, les gouvernants et les chefs d\u2019entreprises modernes pr\u00f4nent l\u2019innovation et font des plans de d\u00e9veloppement audacieux les uns pour accomplir la transformation structurelle de leur \u00e9conomie et les autres pour hisser leurs r\u00e9sultats \u00e0 la dimension des meilleurs. Toutefois, l\u2019innovation sur laquelle tous comptent demande de la cr\u00e9ativit\u00e9. Mieux r\u00e9aliser une croissance exceptionnelle, robuste et durable requiert de l&rsquo;intentionnalit\u00e9, de la cr\u00e9ativit\u00e9 et de l\u2019agilit\u00e9 manag\u00e9riale pour anticiper et ou r\u00e9pondre aux mutations en temps record. Or, il est prouv\u00e9 que la cr\u00e9ativit\u00e9 n\u2019est pas un talent inn\u00e9; c\u2019est une comp\u00e9tence qui s\u2019acquiert et qui s\u2019apprend.<\/p>\n<p><a href=\"https:\/\/ed-nederland.com\/kamagra-100-mg-zonder-recept\/\">ed-nederland.com<\/a><\/p>\n<p>Depuis plus de vingt ans, nous travaillons avec des clients pour apprendre et appliquer avec succ\u00e8s les m\u00e9thodes de r\u00e9flexion d&rsquo;Edward de Bono. Sur la base de ce que nous avons vu, entendu et fait, nous avons con\u00e7u une s\u00e9rie de programmes incluant Relever le D\u00e9fi de l\u2019Innovation qui vous permet, \u00e0 vous et \u00e0 votre \u00e9quipe de direction, de remettre en question de mani\u00e8re positive, constructive et efficace les obstacles, les inhibiteurs et les contraintes auxquelles se heurtent votre vision de champion de l\u2019innovation dans votre secteur et, d&rsquo;ex\u00e9cuter avec succ\u00e8s votre processus d&rsquo;innovation&#8230;(en savoir plus)&#8230;<a href=\"https:\/\/westafricanewthinking.com\/wp-content\/uploads\/2024\/07\/Relever-le-defi-de-linnovation.pdf\">Relever-le-defi-de-linnovation.pdf<\/a><\/p>\n<p><img fetchpriority=\"high\" decoding=\"async\" class=\"alignnone size-medium wp-image-6474\" src=\"https:\/\/westafricanewthinking.com\/wp-content\/uploads\/2024\/07\/Relever-le-defi-de-linnovation-300x169.jpg\" alt=\"\" width=\"300\" height=\"169\" \/><\/p>\n<p>Voir le flyer&#8230;<a href=\"https:\/\/westafricanewthinking.com\/wp-content\/uploads\/2024\/07\/Relever-le-defi-de-linnovation.jpg\">Relever le d\u00e9fi de l&rsquo;innovation.jpg<\/a><\/p>","protected":false},"excerpt":{"rendered":"<ul>\n<li><strong>3 boites \u00e0 outils : La Pens\u00e9e Lat\u00e9rale, les Six Chapeaux de la R\u00e9flexion et la Pens\u00e9e Strat\u00e9gique<\/strong><\/li>\n<\/ul>\n<p>Un programme qui d\u00e9veloppe votre aptitude au leadership innovant, qui vous enseigne les comp\u00e9tences en cr\u00e9ativit\u00e9 et vous \u00e9quipe pour devenir un champion de l\u2019innovation<\/p>\n<ul>\n<li><strong>DATE ET LIEU : les 15, 16 et 17 OCTOBRE 2025 \u00e0 WASHINGTON, DC<\/strong><\/li>\n<\/ul>","protected":false},"featured_media":6446,"comment_status":"open","ping_status":"closed","template":"","meta":{"ocean_post_layout":"","ocean_both_sidebars_style":"","ocean_both_sidebars_content_width":0,"ocean_both_sidebars_sidebars_width":0,"ocean_sidebar":"0","ocean_second_sidebar":"0","ocean_disable_margins":"enable","ocean_add_body_class":"","ocean_shortcode_before_top_bar":"","ocean_shortcode_after_top_bar":"","ocean_shortcode_before_header":"","ocean_shortcode_after_header":"","ocean_has_shortcode":"","ocean_shortcode_after_title":"","ocean_shortcode_before_footer_widgets":"","ocean_shortcode_after_footer_widgets":"","ocean_shortcode_before_footer_bottom":"","ocean_shortcode_after_footer_bottom":"","ocean_display_top_bar":"default","ocean_display_header":"default","ocean_header_style":"","ocean_center_header_left_menu":"0","ocean_custom_header_template":"0","ocean_custom_logo":0,"ocean_custom_retina_logo":0,"ocean_custom_logo_max_width":0,"ocean_custom_logo_tablet_max_width":0,"ocean_custom_logo_mobile_max_width":0,"ocean_custom_logo_max_height":0,"ocean_custom_logo_tablet_max_height":0,"ocean_custom_logo_mobile_max_height":0,"ocean_header_custom_menu":"0","ocean_menu_typo_font_family":"0","ocean_menu_typo_font_subset":"","ocean_menu_typo_font_size":0,"ocean_menu_typo_font_size_tablet":0,"ocean_menu_typo_font_size_mobile":0,"ocean_menu_typo_font_size_unit":"px","ocean_menu_typo_font_weight":"","ocean_menu_typo_font_weight_tablet":"","ocean_menu_typo_font_weight_mobile":"","ocean_menu_typo_transform":"","ocean_menu_typo_transform_tablet":"","ocean_menu_typo_transform_mobile":"","ocean_menu_typo_line_height":0,"ocean_menu_typo_line_height_tablet":0,"ocean_menu_typo_line_height_mobile":0,"ocean_menu_typo_line_height_unit":"","ocean_menu_typo_spacing":0,"ocean_menu_typo_spacing_tablet":0,"ocean_menu_typo_spacing_mobile":0,"ocean_menu_typo_spacing_unit":"","ocean_menu_link_color":"","ocean_menu_link_color_hover":"","ocean_menu_link_color_active":"","ocean_menu_link_background":"","ocean_menu_link_hover_background":"","ocean_menu_link_active_background":"","ocean_menu_social_links_bg":"","ocean_menu_social_hover_links_bg":"","ocean_menu_social_links_color":"","ocean_menu_social_hover_links_color":"","ocean_disable_title":"default","ocean_disable_heading":"default","ocean_post_title":"","ocean_post_subheading":"","ocean_post_title_style":"","ocean_post_title_background_color":"","ocean_post_title_background":0,"ocean_post_title_bg_image_position":"","ocean_post_title_bg_image_attachment":"","ocean_post_title_bg_image_repeat":"","ocean_post_title_bg_image_size":"","ocean_post_title_height":0,"ocean_post_title_bg_overlay":0.5,"ocean_post_title_bg_overlay_color":"","ocean_disable_breadcrumbs":"default","ocean_breadcrumbs_color":"","ocean_breadcrumbs_separator_color":"","ocean_breadcrumbs_links_color":"","ocean_breadcrumbs_links_hover_color":"","ocean_display_footer_widgets":"default","ocean_display_footer_bottom":"default","ocean_custom_footer_template":"0"},"product_brand":[],"product_cat":[58,112,59],"product_tag":[],"class_list":{"0":"post-6439","1":"product","2":"type-product","3":"status-publish","4":"has-post-thumbnail","6":"product_cat-formation-la-pensee-laterale","7":"product_cat-formation-la-pensee-strategique","8":"product_cat-formation-six-chapeaux-de-la-reflection","10":"entry","11":"has-media","13":"first","14":"instock","15":"taxable","16":"shipping-taxable","17":"purchasable","18":"product-type-simple","19":"has-product-nav","20":"col","21":"span_1_of_3","22":"owp-content-center","23":"owp-thumbs-layout-horizontal","24":"owp-btn-normal","25":"owp-tabs-layout-horizontal","26":"has-no-thumbnails"},"_links":{"self":[{"href":"https:\/\/westafricanewthinking.com\/en\/wp-json\/wp\/v2\/product\/6439","targetHints":{"allow":["GET"]}}],"collection":[{"href":"https:\/\/westafricanewthinking.com\/en\/wp-json\/wp\/v2\/product"}],"about":[{"href":"https:\/\/westafricanewthinking.com\/en\/wp-json\/wp\/v2\/types\/product"}],"replies":[{"embeddable":true,"href":"https:\/\/westafricanewthinking.com\/en\/wp-json\/wp\/v2\/comments?post=6439"}],"wp:featuredmedia":[{"embeddable":true,"href":"https:\/\/westafricanewthinking.com\/en\/wp-json\/wp\/v2\/media\/6446"}],"wp:attachment":[{"href":"https:\/\/westafricanewthinking.com\/en\/wp-json\/wp\/v2\/media?parent=6439"}],"wp:term":[{"taxonomy":"product_brand","embeddable":true,"href":"https:\/\/westafricanewthinking.com\/en\/wp-json\/wp\/v2\/product_brand?post=6439"},{"taxonomy":"product_cat","embeddable":true,"href":"https:\/\/westafricanewthinking.com\/en\/wp-json\/wp\/v2\/product_cat?post=6439"},{"taxonomy":"product_tag","embeddable":true,"href":"https:\/\/westafricanewthinking.com\/en\/wp-json\/wp\/v2\/product_tag?post=6439"}],"curies":[{"name":"wp","href":"https:\/\/api.w.org\/{rel}","templated":true}]}}