{"id":1430,"date":"2021-09-07T16:16:32","date_gmt":"2021-09-07T16:16:32","guid":{"rendered":"https:\/\/westafricanewthinking.com\/?post_type=product&#038;p=1430"},"modified":"2021-09-07T16:16:32","modified_gmt":"2021-09-07T16:16:32","slug":"formation-dequipe-pour-managers","status":"publish","type":"product","link":"https:\/\/westafricanewthinking.com\/en\/product\/formation-dequipe-pour-managers\/","title":{"rendered":"Formation d\u2019\u00c9quipe pour Managers"},"content":{"rendered":"<p>La constitution d&rsquo;une \u00e9quipe est un \u00e9l\u00e9ment important de l&rsquo;exp\u00e9rience professionnelle. Il ne s&rsquo;applique pas seulement \u00e0 votre vie professionnelle, mais aussi \u00e0 votre vie personnelle et sociale. Lorsque vous travaillez avec une \u00e9quipe, il est important de vous engager pleinement. Il faut prendre le temps et les mesures n\u00e9cessaires pour devenir le meilleur membre de l&rsquo;\u00e9quipe possible.<br \/>\nGr\u00e2ce \u00e0 notre atelier \u00ab\u00a0Team Building For Managers\u00a0\u00bb, vos participants apprendront \u00e0 quel point le renforcement de l&rsquo;esprit d&rsquo;\u00e9quipe est important et combien il peut \u00eatre b\u00e9n\u00e9fique. Gr\u00e2ce \u00e0 cet atelier, vos participants auront une nouvelle perspective du travail en \u00e9quipe et deviendront un membre pr\u00e9cieux de toute \u00e9quipe dans laquelle ils seront plac\u00e9s. Suivez les informations de cet atelier et cr\u00e9ez une atmosph\u00e8re positive au sein de votre entreprise gr\u00e2ce \u00e0 l&rsquo;utilisation d&rsquo;\u00e9quipes.<\/p>","protected":false},"excerpt":{"rendered":"<p>Gr\u00e2ce \u00e0 notre atelier \u00ab\u00a0Team Building For Managers\u00a0\u00bb, vos participants apprendront \u00e0 quel point le renforcement de l&rsquo;esprit d&rsquo;\u00e9quipe est important et combien il peut \u00eatre b\u00e9n\u00e9fique. Gr\u00e2ce \u00e0 cet atelier, vos participants auront une nouvelle perspective du travail en \u00e9quipe et deviendront un membre pr\u00e9cieux de toute \u00e9quipe dans laquelle ils seront plac\u00e9s. Suivez les informations de cet atelier et cr\u00e9ez une atmosph\u00e8re positive au sein de votre entreprise gr\u00e2ce \u00e0 l&rsquo;utilisation d&rsquo;\u00e9quipes.<\/p>","protected":false},"featured_media":1361,"comment_status":"open","ping_status":"closed","template":"","meta":{"ocean_post_layout":"","ocean_both_sidebars_style":"","ocean_both_sidebars_content_width":0,"ocean_both_sidebars_sidebars_width":0,"ocean_sidebar":"0","ocean_second_sidebar":"0","ocean_disable_margins":"enable","ocean_add_body_class":"","ocean_shortcode_before_top_bar":"","ocean_shortcode_after_top_bar":"","ocean_shortcode_before_header":"","ocean_shortcode_after_header":"","ocean_has_shortcode":"","ocean_shortcode_after_title":"","ocean_shortcode_before_footer_widgets":"","ocean_shortcode_after_footer_widgets":"","ocean_shortcode_before_footer_bottom":"","ocean_shortcode_after_footer_bottom":"","ocean_display_top_bar":"default","ocean_display_header":"default","ocean_header_style":"","ocean_center_header_left_menu":"0","ocean_custom_header_template":"0","ocean_custom_logo":0,"ocean_custom_retina_logo":0,"ocean_custom_logo_max_width":0,"ocean_custom_logo_tablet_max_width":0,"ocean_custom_logo_mobile_max_width":0,"ocean_custom_logo_max_height":0,"ocean_custom_logo_tablet_max_height":0,"ocean_custom_logo_mobile_max_height":0,"ocean_header_custom_menu":"0","ocean_menu_typo_font_family":"0","ocean_menu_typo_font_subset":"","ocean_menu_typo_font_size":0,"ocean_menu_typo_font_size_tablet":0,"ocean_menu_typo_font_size_mobile":0,"ocean_menu_typo_font_size_unit":"px","ocean_menu_typo_font_weight":"","ocean_menu_typo_font_weight_tablet":"","ocean_menu_typo_font_weight_mobile":"","ocean_menu_typo_transform":"","ocean_menu_typo_transform_tablet":"","ocean_menu_typo_transform_mobile":"","ocean_menu_typo_line_height":0,"ocean_menu_typo_line_height_tablet":0,"ocean_menu_typo_line_height_mobile":0,"ocean_menu_typo_line_height_unit":"","ocean_menu_typo_spacing":0,"ocean_menu_typo_spacing_tablet":0,"ocean_menu_typo_spacing_mobile":0,"ocean_menu_typo_spacing_unit":"","ocean_menu_link_color":"","ocean_menu_link_color_hover":"","ocean_menu_link_color_active":"","ocean_menu_link_background":"","ocean_menu_link_hover_background":"","ocean_menu_link_active_background":"","ocean_menu_social_links_bg":"","ocean_menu_social_hover_links_bg":"","ocean_menu_social_links_color":"","ocean_menu_social_hover_links_color":"","ocean_disable_title":"default","ocean_disable_heading":"default","ocean_post_title":"","ocean_post_subheading":"","ocean_post_title_style":"","ocean_post_title_background_color":"","ocean_post_title_background":0,"ocean_post_title_bg_image_position":"","ocean_post_title_bg_image_attachment":"","ocean_post_title_bg_image_repeat":"","ocean_post_title_bg_image_size":"","ocean_post_title_height":0,"ocean_post_title_bg_overlay":0.5,"ocean_post_title_bg_overlay_color":"","ocean_disable_breadcrumbs":"default","ocean_breadcrumbs_color":"","ocean_breadcrumbs_separator_color":"","ocean_breadcrumbs_links_color":"","ocean_breadcrumbs_links_hover_color":"","ocean_display_footer_widgets":"default","ocean_display_footer_bottom":"default","ocean_custom_footer_template":"0"},"product_brand":[],"product_cat":[63],"product_tag":[],"class_list":{"0":"post-1430","1":"product","2":"type-product","3":"status-publish","4":"has-post-thumbnail","6":"product_cat-formations-generales-soft-skills","8":"entry","9":"has-media","11":"first","12":"instock","13":"taxable","14":"shipping-taxable","15":"purchasable","16":"product-type-simple","17":"has-product-nav","18":"col","19":"span_1_of_3","20":"owp-content-center","21":"owp-thumbs-layout-horizontal","22":"owp-btn-normal","23":"owp-tabs-layout-horizontal","24":"has-no-thumbnails"},"_links":{"self":[{"href":"https:\/\/westafricanewthinking.com\/en\/wp-json\/wp\/v2\/product\/1430","targetHints":{"allow":["GET"]}}],"collection":[{"href":"https:\/\/westafricanewthinking.com\/en\/wp-json\/wp\/v2\/product"}],"about":[{"href":"https:\/\/westafricanewthinking.com\/en\/wp-json\/wp\/v2\/types\/product"}],"replies":[{"embeddable":true,"href":"https:\/\/westafricanewthinking.com\/en\/wp-json\/wp\/v2\/comments?post=1430"}],"wp:featuredmedia":[{"embeddable":true,"href":"https:\/\/westafricanewthinking.com\/en\/wp-json\/wp\/v2\/media\/1361"}],"wp:attachment":[{"href":"https:\/\/westafricanewthinking.com\/en\/wp-json\/wp\/v2\/media?parent=1430"}],"wp:term":[{"taxonomy":"product_brand","embeddable":true,"href":"https:\/\/westafricanewthinking.com\/en\/wp-json\/wp\/v2\/product_brand?post=1430"},{"taxonomy":"product_cat","embeddable":true,"href":"https:\/\/westafricanewthinking.com\/en\/wp-json\/wp\/v2\/product_cat?post=1430"},{"taxonomy":"product_tag","embeddable":true,"href":"https:\/\/westafricanewthinking.com\/en\/wp-json\/wp\/v2\/product_tag?post=1430"}],"curies":[{"name":"wp","href":"https:\/\/api.w.org\/{rel}","templated":true}]}}