{"id":1421,"date":"2021-09-07T15:23:28","date_gmt":"2021-09-07T15:23:28","guid":{"rendered":"https:\/\/westafricanewthinking.com\/?post_type=product&#038;p=1421"},"modified":"2021-09-07T15:23:28","modified_gmt":"2021-09-07T15:23:28","slug":"evaluation-et-gestion-des-risques","status":"publish","type":"product","link":"https:\/\/westafricanewthinking.com\/en\/product\/evaluation-et-gestion-des-risques\/","title":{"rendered":"\u00c9valuation et gestion des risques"},"content":{"rendered":"<p>Il n&rsquo;est pas possible de contr\u00f4ler ou de pr\u00e9venir 100% des risques, mais savoir ce qu&rsquo;il faut faire avant, pendant et apr\u00e8s un \u00e9v\u00e9nement permet d&rsquo;att\u00e9nuer les d\u00e9g\u00e2ts et les dommages. Il est important d&rsquo;identifier les dangers et les risques potentiels et de les int\u00e9grer dans les activit\u00e9s quotidiennes. La s\u00e9curit\u00e9 doit \u00eatre la premi\u00e8re priorit\u00e9, car chaque entreprise doit faire face \u00e0 la r\u00e9alit\u00e9 des risques et des dangers.<br \/>\nGr\u00e2ce \u00e0 notre cours sur l&rsquo;\u00e9valuation et la gestion des risques, vos participants prendront conscience des dangers et des risques qu&rsquo;ils ne soup\u00e7onnaient pas sur leur lieu de travail. L&rsquo;identification des dangers par le biais de proc\u00e9dures appropri\u00e9es donnera \u00e0 vos participants la possibilit\u00e9 de pr\u00e9venir l&rsquo;accident avant qu&rsquo;il ne se produise. Limiter et \u00e9liminer les dangers potentiels gr\u00e2ce \u00e0 l&rsquo;\u00e9valuation des risques sera un investissement incroyable.<\/p>","protected":false},"excerpt":{"rendered":"<p>Gr\u00e2ce \u00e0 notre cours sur l&rsquo;\u00e9valuation et la gestion des risques, vos participants prendront conscience des dangers et des risques qu&rsquo;ils ne soup\u00e7onnaient pas sur leur lieu de travail. L&rsquo;identification des dangers par le biais de proc\u00e9dures appropri\u00e9es donnera \u00e0 vos participants la possibilit\u00e9 de pr\u00e9venir l&rsquo;accident avant qu&rsquo;il ne se produise. Limiter et \u00e9liminer les dangers potentiels gr\u00e2ce \u00e0 l&rsquo;\u00e9valuation des risques sera un investissement incroyable.<\/p>","protected":false},"featured_media":1361,"comment_status":"open","ping_status":"closed","template":"","meta":{"ocean_post_layout":"","ocean_both_sidebars_style":"","ocean_both_sidebars_content_width":0,"ocean_both_sidebars_sidebars_width":0,"ocean_sidebar":"0","ocean_second_sidebar":"0","ocean_disable_margins":"enable","ocean_add_body_class":"","ocean_shortcode_before_top_bar":"","ocean_shortcode_after_top_bar":"","ocean_shortcode_before_header":"","ocean_shortcode_after_header":"","ocean_has_shortcode":"","ocean_shortcode_after_title":"","ocean_shortcode_before_footer_widgets":"","ocean_shortcode_after_footer_widgets":"","ocean_shortcode_before_footer_bottom":"","ocean_shortcode_after_footer_bottom":"","ocean_display_top_bar":"default","ocean_display_header":"default","ocean_header_style":"","ocean_center_header_left_menu":"0","ocean_custom_header_template":"0","ocean_custom_logo":0,"ocean_custom_retina_logo":0,"ocean_custom_logo_max_width":0,"ocean_custom_logo_tablet_max_width":0,"ocean_custom_logo_mobile_max_width":0,"ocean_custom_logo_max_height":0,"ocean_custom_logo_tablet_max_height":0,"ocean_custom_logo_mobile_max_height":0,"ocean_header_custom_menu":"0","ocean_menu_typo_font_family":"0","ocean_menu_typo_font_subset":"","ocean_menu_typo_font_size":0,"ocean_menu_typo_font_size_tablet":0,"ocean_menu_typo_font_size_mobile":0,"ocean_menu_typo_font_size_unit":"px","ocean_menu_typo_font_weight":"","ocean_menu_typo_font_weight_tablet":"","ocean_menu_typo_font_weight_mobile":"","ocean_menu_typo_transform":"","ocean_menu_typo_transform_tablet":"","ocean_menu_typo_transform_mobile":"","ocean_menu_typo_line_height":0,"ocean_menu_typo_line_height_tablet":0,"ocean_menu_typo_line_height_mobile":0,"ocean_menu_typo_line_height_unit":"","ocean_menu_typo_spacing":0,"ocean_menu_typo_spacing_tablet":0,"ocean_menu_typo_spacing_mobile":0,"ocean_menu_typo_spacing_unit":"","ocean_menu_link_color":"","ocean_menu_link_color_hover":"","ocean_menu_link_color_active":"","ocean_menu_link_background":"","ocean_menu_link_hover_background":"","ocean_menu_link_active_background":"","ocean_menu_social_links_bg":"","ocean_menu_social_hover_links_bg":"","ocean_menu_social_links_color":"","ocean_menu_social_hover_links_color":"","ocean_disable_title":"default","ocean_disable_heading":"default","ocean_post_title":"","ocean_post_subheading":"","ocean_post_title_style":"","ocean_post_title_background_color":"","ocean_post_title_background":0,"ocean_post_title_bg_image_position":"","ocean_post_title_bg_image_attachment":"","ocean_post_title_bg_image_repeat":"","ocean_post_title_bg_image_size":"","ocean_post_title_height":0,"ocean_post_title_bg_overlay":0.5,"ocean_post_title_bg_overlay_color":"","ocean_disable_breadcrumbs":"default","ocean_breadcrumbs_color":"","ocean_breadcrumbs_separator_color":"","ocean_breadcrumbs_links_color":"","ocean_breadcrumbs_links_hover_color":"","ocean_display_footer_widgets":"default","ocean_display_footer_bottom":"default","ocean_custom_footer_template":"0"},"product_brand":[],"product_cat":[63],"product_tag":[],"class_list":{"0":"post-1421","1":"product","2":"type-product","3":"status-publish","4":"has-post-thumbnail","6":"product_cat-formations-generales-soft-skills","8":"entry","9":"has-media","11":"first","12":"instock","13":"taxable","14":"shipping-taxable","15":"purchasable","16":"product-type-simple","17":"has-product-nav","18":"col","19":"span_1_of_3","20":"owp-content-center","21":"owp-thumbs-layout-horizontal","22":"owp-btn-normal","23":"owp-tabs-layout-horizontal","24":"has-no-thumbnails"},"_links":{"self":[{"href":"https:\/\/westafricanewthinking.com\/en\/wp-json\/wp\/v2\/product\/1421","targetHints":{"allow":["GET"]}}],"collection":[{"href":"https:\/\/westafricanewthinking.com\/en\/wp-json\/wp\/v2\/product"}],"about":[{"href":"https:\/\/westafricanewthinking.com\/en\/wp-json\/wp\/v2\/types\/product"}],"replies":[{"embeddable":true,"href":"https:\/\/westafricanewthinking.com\/en\/wp-json\/wp\/v2\/comments?post=1421"}],"wp:featuredmedia":[{"embeddable":true,"href":"https:\/\/westafricanewthinking.com\/en\/wp-json\/wp\/v2\/media\/1361"}],"wp:attachment":[{"href":"https:\/\/westafricanewthinking.com\/en\/wp-json\/wp\/v2\/media?parent=1421"}],"wp:term":[{"taxonomy":"product_brand","embeddable":true,"href":"https:\/\/westafricanewthinking.com\/en\/wp-json\/wp\/v2\/product_brand?post=1421"},{"taxonomy":"product_cat","embeddable":true,"href":"https:\/\/westafricanewthinking.com\/en\/wp-json\/wp\/v2\/product_cat?post=1421"},{"taxonomy":"product_tag","embeddable":true,"href":"https:\/\/westafricanewthinking.com\/en\/wp-json\/wp\/v2\/product_tag?post=1421"}],"curies":[{"name":"wp","href":"https:\/\/api.w.org\/{rel}","templated":true}]}}