{"id":1420,"date":"2021-09-07T15:19:40","date_gmt":"2021-09-07T15:19:40","guid":{"rendered":"https:\/\/westafricanewthinking.com\/?post_type=product&#038;p=1420"},"modified":"2021-09-07T15:20:23","modified_gmt":"2021-09-07T15:20:23","slug":"gestion-de-projet","status":"publish","type":"product","link":"https:\/\/westafricanewthinking.com\/en\/product\/gestion-de-projet\/","title":{"rendered":"Gestion de projet"},"content":{"rendered":"<p>Au cours des derni\u00e8res d\u00e9cennies, les organisations ont d\u00e9couvert quelque chose d&rsquo;incroyable : les principes qui ont \u00e9t\u00e9 utilis\u00e9s pour cr\u00e9er d&rsquo;\u00e9normes succ\u00e8s dans les grands projets peuvent \u00eatre appliqu\u00e9s \u00e0 des projets de toute taille pour cr\u00e9er des succ\u00e8s \u00e9tonnants. Par cons\u00e9quent, de nombreux employ\u00e9s sont cens\u00e9s comprendre les techniques de gestion de projet et savoir comment les appliquer \u00e0 des projets de toute taille.<br \/>\nL&rsquo;atelier sur la gestion de projet donnera aux participants un aper\u00e7u de l&rsquo;ensemble du processus de gestion de projet, ainsi que des outils cl\u00e9s de gestion de projet qu&rsquo;ils peuvent utiliser au quotidien. L&rsquo;utilisation de documents de planification de projet, tels que l&rsquo;\u00e9valuation des besoins, le plan de gestion des risques et le plan de communication, sera b\u00e9n\u00e9fique pour l&rsquo;ensemble de votre organisation.<\/p>","protected":false},"excerpt":{"rendered":"<p>L&rsquo;atelier sur la gestion de projet donnera aux participants un aper\u00e7u de l&rsquo;ensemble du processus de gestion de projet, ainsi que des outils cl\u00e9s de gestion de projet qu&rsquo;ils peuvent utiliser au quotidien. L&rsquo;utilisation de documents de planification de projet, tels que l&rsquo;\u00e9valuation des besoins, le plan de gestion des risques et le plan de communication, sera b\u00e9n\u00e9fique pour l&rsquo;ensemble de votre organisation.<\/p>","protected":false},"featured_media":1361,"comment_status":"open","ping_status":"closed","template":"","meta":{"ocean_post_layout":"","ocean_both_sidebars_style":"","ocean_both_sidebars_content_width":0,"ocean_both_sidebars_sidebars_width":0,"ocean_sidebar":"0","ocean_second_sidebar":"0","ocean_disable_margins":"enable","ocean_add_body_class":"","ocean_shortcode_before_top_bar":"","ocean_shortcode_after_top_bar":"","ocean_shortcode_before_header":"","ocean_shortcode_after_header":"","ocean_has_shortcode":"","ocean_shortcode_after_title":"","ocean_shortcode_before_footer_widgets":"","ocean_shortcode_after_footer_widgets":"","ocean_shortcode_before_footer_bottom":"","ocean_shortcode_after_footer_bottom":"","ocean_display_top_bar":"default","ocean_display_header":"default","ocean_header_style":"","ocean_center_header_left_menu":"0","ocean_custom_header_template":"0","ocean_custom_logo":0,"ocean_custom_retina_logo":0,"ocean_custom_logo_max_width":0,"ocean_custom_logo_tablet_max_width":0,"ocean_custom_logo_mobile_max_width":0,"ocean_custom_logo_max_height":0,"ocean_custom_logo_tablet_max_height":0,"ocean_custom_logo_mobile_max_height":0,"ocean_header_custom_menu":"0","ocean_menu_typo_font_family":"0","ocean_menu_typo_font_subset":"","ocean_menu_typo_font_size":0,"ocean_menu_typo_font_size_tablet":0,"ocean_menu_typo_font_size_mobile":0,"ocean_menu_typo_font_size_unit":"px","ocean_menu_typo_font_weight":"","ocean_menu_typo_font_weight_tablet":"","ocean_menu_typo_font_weight_mobile":"","ocean_menu_typo_transform":"","ocean_menu_typo_transform_tablet":"","ocean_menu_typo_transform_mobile":"","ocean_menu_typo_line_height":0,"ocean_menu_typo_line_height_tablet":0,"ocean_menu_typo_line_height_mobile":0,"ocean_menu_typo_line_height_unit":"","ocean_menu_typo_spacing":0,"ocean_menu_typo_spacing_tablet":0,"ocean_menu_typo_spacing_mobile":0,"ocean_menu_typo_spacing_unit":"","ocean_menu_link_color":"","ocean_menu_link_color_hover":"","ocean_menu_link_color_active":"","ocean_menu_link_background":"","ocean_menu_link_hover_background":"","ocean_menu_link_active_background":"","ocean_menu_social_links_bg":"","ocean_menu_social_hover_links_bg":"","ocean_menu_social_links_color":"","ocean_menu_social_hover_links_color":"","ocean_disable_title":"default","ocean_disable_heading":"default","ocean_post_title":"","ocean_post_subheading":"","ocean_post_title_style":"","ocean_post_title_background_color":"","ocean_post_title_background":0,"ocean_post_title_bg_image_position":"","ocean_post_title_bg_image_attachment":"","ocean_post_title_bg_image_repeat":"","ocean_post_title_bg_image_size":"","ocean_post_title_height":0,"ocean_post_title_bg_overlay":0.5,"ocean_post_title_bg_overlay_color":"","ocean_disable_breadcrumbs":"default","ocean_breadcrumbs_color":"","ocean_breadcrumbs_separator_color":"","ocean_breadcrumbs_links_color":"","ocean_breadcrumbs_links_hover_color":"","ocean_display_footer_widgets":"default","ocean_display_footer_bottom":"default","ocean_custom_footer_template":"0"},"product_brand":[],"product_cat":[63],"product_tag":[],"class_list":{"0":"post-1420","1":"product","2":"type-product","3":"status-publish","4":"has-post-thumbnail","6":"product_cat-formations-generales-soft-skills","8":"entry","9":"has-media","11":"first","12":"instock","13":"taxable","14":"shipping-taxable","15":"purchasable","16":"product-type-simple","17":"has-product-nav","18":"col","19":"span_1_of_3","20":"owp-content-center","21":"owp-thumbs-layout-horizontal","22":"owp-btn-normal","23":"owp-tabs-layout-horizontal","24":"has-no-thumbnails"},"_links":{"self":[{"href":"https:\/\/westafricanewthinking.com\/en\/wp-json\/wp\/v2\/product\/1420","targetHints":{"allow":["GET"]}}],"collection":[{"href":"https:\/\/westafricanewthinking.com\/en\/wp-json\/wp\/v2\/product"}],"about":[{"href":"https:\/\/westafricanewthinking.com\/en\/wp-json\/wp\/v2\/types\/product"}],"replies":[{"embeddable":true,"href":"https:\/\/westafricanewthinking.com\/en\/wp-json\/wp\/v2\/comments?post=1420"}],"wp:featuredmedia":[{"embeddable":true,"href":"https:\/\/westafricanewthinking.com\/en\/wp-json\/wp\/v2\/media\/1361"}],"wp:attachment":[{"href":"https:\/\/westafricanewthinking.com\/en\/wp-json\/wp\/v2\/media?parent=1420"}],"wp:term":[{"taxonomy":"product_brand","embeddable":true,"href":"https:\/\/westafricanewthinking.com\/en\/wp-json\/wp\/v2\/product_brand?post=1420"},{"taxonomy":"product_cat","embeddable":true,"href":"https:\/\/westafricanewthinking.com\/en\/wp-json\/wp\/v2\/product_cat?post=1420"},{"taxonomy":"product_tag","embeddable":true,"href":"https:\/\/westafricanewthinking.com\/en\/wp-json\/wp\/v2\/product_tag?post=1420"}],"curies":[{"name":"wp","href":"https:\/\/api.w.org\/{rel}","templated":true}]}}