{"id":1417,"date":"2021-09-07T15:02:23","date_gmt":"2021-09-07T15:02:23","guid":{"rendered":"https:\/\/westafricanewthinking.com\/?post_type=product&#038;p=1417"},"modified":"2021-09-07T15:04:41","modified_gmt":"2021-09-07T15:04:41","slug":"politique-de-bureau-pour-managers","status":"publish","type":"product","link":"https:\/\/westafricanewthinking.com\/en\/product\/politique-de-bureau-pour-managers\/","title":{"rendered":"Politique de bureau pour managers"},"content":{"rendered":"<p>Vous avez probablement \u00e9t\u00e9 confront\u00e9 \u00e0 une certaine forme de politique de bureau. Travailler avec des personnalit\u00e9s, des opinions, des origines et des valeurs diff\u00e9rentes est un d\u00e9fi dans tout environnement. Il est in\u00e9vitable que lorsque des personnes travaillent ensemble, les personnalit\u00e9s peuvent s&rsquo;opposer et s&rsquo;opposeront. Personne n&rsquo;est une \u00eele, et il est donc extr\u00eamement important pour l&rsquo;organisation et pour chaque employ\u00e9 de travailler en \u00e9quipe.<br \/>\nSavoir \u00eatre du manager consiste \u00e0 cr\u00e9er et \u00e0 entretenir de meilleures relations. Il s&rsquo;agit de communiquer et de travailler avec vos pairs et coll\u00e8gues d&rsquo;une mani\u00e8re qui soit mutuellement b\u00e9n\u00e9fique. Les employ\u00e9s qui comprennent les aspects positifs de la politique de bureau sont de meilleurs membres de l&rsquo;\u00e9quipe et finissent par \u00eatre plus performants et productifs.<\/p>","protected":false},"excerpt":{"rendered":"<p>Savoir \u00eatre du manager consiste \u00e0 cr\u00e9er et \u00e0 entretenir de meilleures relations. Il s&rsquo;agit de communiquer et de travailler avec vos pairs et coll\u00e8gues d&rsquo;une mani\u00e8re qui soit mutuellement b\u00e9n\u00e9fique. Les employ\u00e9s qui comprennent les aspects positifs de la politique de bureau sont de meilleurs membres de l&rsquo;\u00e9quipe et finissent par \u00eatre plus performants et productifs.<\/p>","protected":false},"featured_media":1361,"comment_status":"open","ping_status":"closed","template":"","meta":{"ocean_post_layout":"","ocean_both_sidebars_style":"","ocean_both_sidebars_content_width":0,"ocean_both_sidebars_sidebars_width":0,"ocean_sidebar":"0","ocean_second_sidebar":"0","ocean_disable_margins":"enable","ocean_add_body_class":"","ocean_shortcode_before_top_bar":"","ocean_shortcode_after_top_bar":"","ocean_shortcode_before_header":"","ocean_shortcode_after_header":"","ocean_has_shortcode":"","ocean_shortcode_after_title":"","ocean_shortcode_before_footer_widgets":"","ocean_shortcode_after_footer_widgets":"","ocean_shortcode_before_footer_bottom":"","ocean_shortcode_after_footer_bottom":"","ocean_display_top_bar":"default","ocean_display_header":"default","ocean_header_style":"","ocean_center_header_left_menu":"0","ocean_custom_header_template":"0","ocean_custom_logo":0,"ocean_custom_retina_logo":0,"ocean_custom_logo_max_width":0,"ocean_custom_logo_tablet_max_width":0,"ocean_custom_logo_mobile_max_width":0,"ocean_custom_logo_max_height":0,"ocean_custom_logo_tablet_max_height":0,"ocean_custom_logo_mobile_max_height":0,"ocean_header_custom_menu":"0","ocean_menu_typo_font_family":"0","ocean_menu_typo_font_subset":"","ocean_menu_typo_font_size":0,"ocean_menu_typo_font_size_tablet":0,"ocean_menu_typo_font_size_mobile":0,"ocean_menu_typo_font_size_unit":"px","ocean_menu_typo_font_weight":"","ocean_menu_typo_font_weight_tablet":"","ocean_menu_typo_font_weight_mobile":"","ocean_menu_typo_transform":"","ocean_menu_typo_transform_tablet":"","ocean_menu_typo_transform_mobile":"","ocean_menu_typo_line_height":0,"ocean_menu_typo_line_height_tablet":0,"ocean_menu_typo_line_height_mobile":0,"ocean_menu_typo_line_height_unit":"","ocean_menu_typo_spacing":0,"ocean_menu_typo_spacing_tablet":0,"ocean_menu_typo_spacing_mobile":0,"ocean_menu_typo_spacing_unit":"","ocean_menu_link_color":"","ocean_menu_link_color_hover":"","ocean_menu_link_color_active":"","ocean_menu_link_background":"","ocean_menu_link_hover_background":"","ocean_menu_link_active_background":"","ocean_menu_social_links_bg":"","ocean_menu_social_hover_links_bg":"","ocean_menu_social_links_color":"","ocean_menu_social_hover_links_color":"","ocean_disable_title":"default","ocean_disable_heading":"default","ocean_post_title":"","ocean_post_subheading":"","ocean_post_title_style":"","ocean_post_title_background_color":"","ocean_post_title_background":0,"ocean_post_title_bg_image_position":"","ocean_post_title_bg_image_attachment":"","ocean_post_title_bg_image_repeat":"","ocean_post_title_bg_image_size":"","ocean_post_title_height":0,"ocean_post_title_bg_overlay":0.5,"ocean_post_title_bg_overlay_color":"","ocean_disable_breadcrumbs":"default","ocean_breadcrumbs_color":"","ocean_breadcrumbs_separator_color":"","ocean_breadcrumbs_links_color":"","ocean_breadcrumbs_links_hover_color":"","ocean_display_footer_widgets":"default","ocean_display_footer_bottom":"default","ocean_custom_footer_template":"0"},"product_brand":[],"product_cat":[63],"product_tag":[],"class_list":{"0":"post-1417","1":"product","2":"type-product","3":"status-publish","4":"has-post-thumbnail","6":"product_cat-formations-generales-soft-skills","8":"entry","9":"has-media","11":"first","12":"instock","13":"taxable","14":"shipping-taxable","15":"purchasable","16":"product-type-simple","17":"has-product-nav","18":"col","19":"span_1_of_3","20":"owp-content-center","21":"owp-thumbs-layout-horizontal","22":"owp-btn-normal","23":"owp-tabs-layout-horizontal","24":"has-no-thumbnails"},"_links":{"self":[{"href":"https:\/\/westafricanewthinking.com\/en\/wp-json\/wp\/v2\/product\/1417","targetHints":{"allow":["GET"]}}],"collection":[{"href":"https:\/\/westafricanewthinking.com\/en\/wp-json\/wp\/v2\/product"}],"about":[{"href":"https:\/\/westafricanewthinking.com\/en\/wp-json\/wp\/v2\/types\/product"}],"replies":[{"embeddable":true,"href":"https:\/\/westafricanewthinking.com\/en\/wp-json\/wp\/v2\/comments?post=1417"}],"wp:featuredmedia":[{"embeddable":true,"href":"https:\/\/westafricanewthinking.com\/en\/wp-json\/wp\/v2\/media\/1361"}],"wp:attachment":[{"href":"https:\/\/westafricanewthinking.com\/en\/wp-json\/wp\/v2\/media?parent=1417"}],"wp:term":[{"taxonomy":"product_brand","embeddable":true,"href":"https:\/\/westafricanewthinking.com\/en\/wp-json\/wp\/v2\/product_brand?post=1417"},{"taxonomy":"product_cat","embeddable":true,"href":"https:\/\/westafricanewthinking.com\/en\/wp-json\/wp\/v2\/product_cat?post=1417"},{"taxonomy":"product_tag","embeddable":true,"href":"https:\/\/westafricanewthinking.com\/en\/wp-json\/wp\/v2\/product_tag?post=1417"}],"curies":[{"name":"wp","href":"https:\/\/api.w.org\/{rel}","templated":true}]}}