{"id":1413,"date":"2021-09-07T12:16:34","date_gmt":"2021-09-07T12:16:34","guid":{"rendered":"https:\/\/westafricanewthinking.com\/?post_type=product&#038;p=1413"},"modified":"2021-09-07T12:16:34","modified_gmt":"2021-09-07T12:16:34","slug":"competences-interpersonnelles","status":"publish","type":"product","link":"https:\/\/westafricanewthinking.com\/en\/product\/competences-interpersonnelles\/","title":{"rendered":"Comp\u00e9tences interpersonnelles"},"content":{"rendered":"<p>Si un programme de formation sur les bonnes mani\u00e8res et la courtoisie au travail peut sembler exag\u00e9r\u00e9, la r\u00e9alit\u00e9 est que l&rsquo;impolitesse est une \u00e9pid\u00e9mie qui co\u00fbte des millions de dollars par an \u00e0 l&rsquo;industrie. En effet, ce que la soci\u00e9t\u00e9 semble gagner en termes de connaissances et d&rsquo;avanc\u00e9es technologiques, elle le perd au niveau des valeurs sociales de base qui ont un impact direct sur les r\u00e9sultats.<br \/>\nPour r\u00e9pondre au probl\u00e8me croissant de l&rsquo;incivilit\u00e9 en milieu de travail, cet atelier pr\u00e9sente le concept de civilit\u00e9, son importance pour une entreprise, ainsi que ses causes et effets typiques. Les comp\u00e9tences n\u00e9cessaires pour pratiquer efficacement un comportement civil, ainsi que les diff\u00e9rentes fa\u00e7ons dont les organisations peuvent syst\u00e9matiser la civilit\u00e9 sur le lieu de travail seront \u00e9galement abord\u00e9es. Les avantages de la civilit\u00e9 sur le lieu de travail sont innombrables et porteront leurs fruits dans tous les aspects de votre travail. Si un programme de formation sur les bonnes mani\u00e8res et la courtoisie au travail peut sembler exag\u00e9r\u00e9, la r\u00e9alit\u00e9 est que l&rsquo;impolitesse est une \u00e9pid\u00e9mie qui co\u00fbte des millions de dollars par an \u00e0 l&rsquo;industrie. En effet, ce que la soci\u00e9t\u00e9 semble gagner en termes de connaissances et d&rsquo;avanc\u00e9es technologiques, elle le perd au niveau des valeurs sociales de base qui ont un impact direct sur les r\u00e9sultats.<\/p>","protected":false},"excerpt":{"rendered":"<p>Si un programme de formation sur les bonnes mani\u00e8res et la courtoisie au travail peut sembler exag\u00e9r\u00e9, la r\u00e9alit\u00e9 est que l&rsquo;impolitesse est une \u00e9pid\u00e9mie qui co\u00fbte des millions de dollars par an \u00e0 l&rsquo;industrie. En effet, ce que la soci\u00e9t\u00e9 semble gagner en termes de connaissances et d&rsquo;avanc\u00e9es technologiques, elle le perd au niveau des valeurs sociales de base qui ont un impact direct sur les r\u00e9sultats.<\/p>","protected":false},"featured_media":1361,"comment_status":"open","ping_status":"closed","template":"","meta":{"ocean_post_layout":"","ocean_both_sidebars_style":"","ocean_both_sidebars_content_width":0,"ocean_both_sidebars_sidebars_width":0,"ocean_sidebar":"0","ocean_second_sidebar":"0","ocean_disable_margins":"enable","ocean_add_body_class":"","ocean_shortcode_before_top_bar":"","ocean_shortcode_after_top_bar":"","ocean_shortcode_before_header":"","ocean_shortcode_after_header":"","ocean_has_shortcode":"","ocean_shortcode_after_title":"","ocean_shortcode_before_footer_widgets":"","ocean_shortcode_after_footer_widgets":"","ocean_shortcode_before_footer_bottom":"","ocean_shortcode_after_footer_bottom":"","ocean_display_top_bar":"default","ocean_display_header":"default","ocean_header_style":"","ocean_center_header_left_menu":"0","ocean_custom_header_template":"0","ocean_custom_logo":0,"ocean_custom_retina_logo":0,"ocean_custom_logo_max_width":0,"ocean_custom_logo_tablet_max_width":0,"ocean_custom_logo_mobile_max_width":0,"ocean_custom_logo_max_height":0,"ocean_custom_logo_tablet_max_height":0,"ocean_custom_logo_mobile_max_height":0,"ocean_header_custom_menu":"0","ocean_menu_typo_font_family":"0","ocean_menu_typo_font_subset":"","ocean_menu_typo_font_size":0,"ocean_menu_typo_font_size_tablet":0,"ocean_menu_typo_font_size_mobile":0,"ocean_menu_typo_font_size_unit":"px","ocean_menu_typo_font_weight":"","ocean_menu_typo_font_weight_tablet":"","ocean_menu_typo_font_weight_mobile":"","ocean_menu_typo_transform":"","ocean_menu_typo_transform_tablet":"","ocean_menu_typo_transform_mobile":"","ocean_menu_typo_line_height":0,"ocean_menu_typo_line_height_tablet":0,"ocean_menu_typo_line_height_mobile":0,"ocean_menu_typo_line_height_unit":"","ocean_menu_typo_spacing":0,"ocean_menu_typo_spacing_tablet":0,"ocean_menu_typo_spacing_mobile":0,"ocean_menu_typo_spacing_unit":"","ocean_menu_link_color":"","ocean_menu_link_color_hover":"","ocean_menu_link_color_active":"","ocean_menu_link_background":"","ocean_menu_link_hover_background":"","ocean_menu_link_active_background":"","ocean_menu_social_links_bg":"","ocean_menu_social_hover_links_bg":"","ocean_menu_social_links_color":"","ocean_menu_social_hover_links_color":"","ocean_disable_title":"default","ocean_disable_heading":"default","ocean_post_title":"","ocean_post_subheading":"","ocean_post_title_style":"","ocean_post_title_background_color":"","ocean_post_title_background":0,"ocean_post_title_bg_image_position":"","ocean_post_title_bg_image_attachment":"","ocean_post_title_bg_image_repeat":"","ocean_post_title_bg_image_size":"","ocean_post_title_height":0,"ocean_post_title_bg_overlay":0.5,"ocean_post_title_bg_overlay_color":"","ocean_disable_breadcrumbs":"default","ocean_breadcrumbs_color":"","ocean_breadcrumbs_separator_color":"","ocean_breadcrumbs_links_color":"","ocean_breadcrumbs_links_hover_color":"","ocean_display_footer_widgets":"default","ocean_display_footer_bottom":"default","ocean_custom_footer_template":"0"},"product_brand":[],"product_cat":[63],"product_tag":[],"class_list":{"0":"post-1413","1":"product","2":"type-product","3":"status-publish","4":"has-post-thumbnail","6":"product_cat-formations-generales-soft-skills","8":"entry","9":"has-media","11":"first","12":"instock","13":"taxable","14":"shipping-taxable","15":"purchasable","16":"product-type-simple","17":"has-product-nav","18":"col","19":"span_1_of_3","20":"owp-content-center","21":"owp-thumbs-layout-horizontal","22":"owp-btn-normal","23":"owp-tabs-layout-horizontal","24":"has-no-thumbnails"},"_links":{"self":[{"href":"https:\/\/westafricanewthinking.com\/en\/wp-json\/wp\/v2\/product\/1413","targetHints":{"allow":["GET"]}}],"collection":[{"href":"https:\/\/westafricanewthinking.com\/en\/wp-json\/wp\/v2\/product"}],"about":[{"href":"https:\/\/westafricanewthinking.com\/en\/wp-json\/wp\/v2\/types\/product"}],"replies":[{"embeddable":true,"href":"https:\/\/westafricanewthinking.com\/en\/wp-json\/wp\/v2\/comments?post=1413"}],"wp:featuredmedia":[{"embeddable":true,"href":"https:\/\/westafricanewthinking.com\/en\/wp-json\/wp\/v2\/media\/1361"}],"wp:attachment":[{"href":"https:\/\/westafricanewthinking.com\/en\/wp-json\/wp\/v2\/media?parent=1413"}],"wp:term":[{"taxonomy":"product_brand","embeddable":true,"href":"https:\/\/westafricanewthinking.com\/en\/wp-json\/wp\/v2\/product_brand?post=1413"},{"taxonomy":"product_cat","embeddable":true,"href":"https:\/\/westafricanewthinking.com\/en\/wp-json\/wp\/v2\/product_cat?post=1413"},{"taxonomy":"product_tag","embeddable":true,"href":"https:\/\/westafricanewthinking.com\/en\/wp-json\/wp\/v2\/product_tag?post=1413"}],"curies":[{"name":"wp","href":"https:\/\/api.w.org\/{rel}","templated":true}]}}