{"id":1399,"date":"2021-09-07T10:28:30","date_gmt":"2021-09-07T10:28:30","guid":{"rendered":"https:\/\/westafricanewthinking.com\/?post_type=product&#038;p=1399"},"modified":"2023-02-23T17:24:59","modified_gmt":"2023-02-23T17:24:59","slug":"coaching-et-mentorat","status":"publish","type":"product","link":"https:\/\/westafricanewthinking.com\/en\/product\/coaching-et-mentorat\/","title":{"rendered":"Coaching et mentorat"},"content":{"rendered":"<p>Vous \u00eates dans votre bureau, vous regardez votre rapport de performance et cela s&rsquo;est reproduit. Votre employ\u00e9 peu performant n&rsquo;a pas atteint son quota ce mois-ci, m\u00eame apr\u00e8s que vous lui ayez parl\u00e9 de l&rsquo;importance d&rsquo;atteindre les objectifs. Cet employ\u00e9 a une excellente attitude et vous savez qu&rsquo;il peut faire mieux. Mais vous ne savez pas comment le motiver \u00e0 atteindre l&rsquo;objectif. L&rsquo;argent avait l&rsquo;habitude de fonctionner, mais cela n&rsquo;a plus d&rsquo;effet. Vous \u00eates perplexe et vous savez qu&rsquo;\u00eatre frustr\u00e9 ne fait qu&#8217;empirer les choses. Que faites-vous ?<br \/>\nLe coaching et le mentorat se concentrent sur la mani\u00e8re de mieux encadrer vos employ\u00e9s pour qu&rsquo;ils atteignent de meilleures performances. Le coaching est un processus qui consiste \u00e0 \u00e9tablir une relation et \u00e0 fixer des objectifs. Votre capacit\u00e9 \u00e0 coacher est directement li\u00e9e \u00e0 votre capacit\u00e9 \u00e0 favoriser une excellente relation de travail avec vos employ\u00e9s en les comprenant et en fixant des objectifs strat\u00e9giques.<\/p>","protected":false},"excerpt":{"rendered":"<p>Le coaching et le mentorat se concentrent sur la mani\u00e8re de mieux encadrer vos employ\u00e9s pour qu&rsquo;ils atteignent de meilleures performances. Le coaching est un processus qui consiste \u00e0 \u00e9tablir une relation et \u00e0 fixer des objectifs. Votre capacit\u00e9 \u00e0 coacher est directement li\u00e9e \u00e0 votre capacit\u00e9 \u00e0 favoriser une excellente relation de travail avec vos employ\u00e9s en les comprenant et en fixant des objectifs strat\u00e9giques.<\/p>","protected":false},"featured_media":1361,"comment_status":"open","ping_status":"closed","template":"","meta":{"ocean_post_layout":"","ocean_both_sidebars_style":"","ocean_both_sidebars_content_width":0,"ocean_both_sidebars_sidebars_width":0,"ocean_sidebar":"0","ocean_second_sidebar":"0","ocean_disable_margins":"enable","ocean_add_body_class":"","ocean_shortcode_before_top_bar":"","ocean_shortcode_after_top_bar":"","ocean_shortcode_before_header":"","ocean_shortcode_after_header":"","ocean_has_shortcode":"","ocean_shortcode_after_title":"","ocean_shortcode_before_footer_widgets":"","ocean_shortcode_after_footer_widgets":"","ocean_shortcode_before_footer_bottom":"","ocean_shortcode_after_footer_bottom":"","ocean_display_top_bar":"default","ocean_display_header":"default","ocean_header_style":"","ocean_center_header_left_menu":"0","ocean_custom_header_template":"0","ocean_custom_logo":0,"ocean_custom_retina_logo":0,"ocean_custom_logo_max_width":0,"ocean_custom_logo_tablet_max_width":0,"ocean_custom_logo_mobile_max_width":0,"ocean_custom_logo_max_height":0,"ocean_custom_logo_tablet_max_height":0,"ocean_custom_logo_mobile_max_height":0,"ocean_header_custom_menu":"0","ocean_menu_typo_font_family":"0","ocean_menu_typo_font_subset":"","ocean_menu_typo_font_size":0,"ocean_menu_typo_font_size_tablet":0,"ocean_menu_typo_font_size_mobile":0,"ocean_menu_typo_font_size_unit":"px","ocean_menu_typo_font_weight":"","ocean_menu_typo_font_weight_tablet":"","ocean_menu_typo_font_weight_mobile":"","ocean_menu_typo_transform":"","ocean_menu_typo_transform_tablet":"","ocean_menu_typo_transform_mobile":"","ocean_menu_typo_line_height":0,"ocean_menu_typo_line_height_tablet":0,"ocean_menu_typo_line_height_mobile":0,"ocean_menu_typo_line_height_unit":"","ocean_menu_typo_spacing":0,"ocean_menu_typo_spacing_tablet":0,"ocean_menu_typo_spacing_mobile":0,"ocean_menu_typo_spacing_unit":"","ocean_menu_link_color":"","ocean_menu_link_color_hover":"","ocean_menu_link_color_active":"","ocean_menu_link_background":"","ocean_menu_link_hover_background":"","ocean_menu_link_active_background":"","ocean_menu_social_links_bg":"","ocean_menu_social_hover_links_bg":"","ocean_menu_social_links_color":"","ocean_menu_social_hover_links_color":"","ocean_disable_title":"default","ocean_disable_heading":"default","ocean_post_title":"","ocean_post_subheading":"","ocean_post_title_style":"","ocean_post_title_background_color":"","ocean_post_title_background":0,"ocean_post_title_bg_image_position":"","ocean_post_title_bg_image_attachment":"","ocean_post_title_bg_image_repeat":"","ocean_post_title_bg_image_size":"","ocean_post_title_height":0,"ocean_post_title_bg_overlay":0.5,"ocean_post_title_bg_overlay_color":"","ocean_disable_breadcrumbs":"default","ocean_breadcrumbs_color":"","ocean_breadcrumbs_separator_color":"","ocean_breadcrumbs_links_color":"","ocean_breadcrumbs_links_hover_color":"","ocean_display_footer_widgets":"default","ocean_display_footer_bottom":"default","ocean_custom_footer_template":"0"},"product_brand":[],"product_cat":[63],"product_tag":[],"class_list":{"0":"post-1399","1":"product","2":"type-product","3":"status-publish","4":"has-post-thumbnail","6":"product_cat-formations-generales-soft-skills","8":"entry","9":"has-media","11":"first","12":"instock","13":"taxable","14":"shipping-taxable","15":"purchasable","16":"product-type-simple","17":"has-product-nav","18":"col","19":"span_1_of_3","20":"owp-content-center","21":"owp-thumbs-layout-horizontal","22":"owp-btn-normal","23":"owp-tabs-layout-horizontal","24":"has-no-thumbnails"},"_links":{"self":[{"href":"https:\/\/westafricanewthinking.com\/en\/wp-json\/wp\/v2\/product\/1399","targetHints":{"allow":["GET"]}}],"collection":[{"href":"https:\/\/westafricanewthinking.com\/en\/wp-json\/wp\/v2\/product"}],"about":[{"href":"https:\/\/westafricanewthinking.com\/en\/wp-json\/wp\/v2\/types\/product"}],"replies":[{"embeddable":true,"href":"https:\/\/westafricanewthinking.com\/en\/wp-json\/wp\/v2\/comments?post=1399"}],"wp:featuredmedia":[{"embeddable":true,"href":"https:\/\/westafricanewthinking.com\/en\/wp-json\/wp\/v2\/media\/1361"}],"wp:attachment":[{"href":"https:\/\/westafricanewthinking.com\/en\/wp-json\/wp\/v2\/media?parent=1399"}],"wp:term":[{"taxonomy":"product_brand","embeddable":true,"href":"https:\/\/westafricanewthinking.com\/en\/wp-json\/wp\/v2\/product_brand?post=1399"},{"taxonomy":"product_cat","embeddable":true,"href":"https:\/\/westafricanewthinking.com\/en\/wp-json\/wp\/v2\/product_cat?post=1399"},{"taxonomy":"product_tag","embeddable":true,"href":"https:\/\/westafricanewthinking.com\/en\/wp-json\/wp\/v2\/product_tag?post=1399"}],"curies":[{"name":"wp","href":"https:\/\/api.w.org\/{rel}","templated":true}]}}