{"id":1570,"date":"2021-09-08T16:15:40","date_gmt":"2021-09-08T16:15:40","guid":{"rendered":"https:\/\/westafricanewthinking.com\/?page_id=1570"},"modified":"2024-07-23T02:49:39","modified_gmt":"2024-07-23T02:49:39","slug":"conditions-generales-de-vente","status":"publish","type":"page","link":"https:\/\/westafricanewthinking.com\/en\/conditions-generales-de-vente\/","title":{"rendered":"Conditions de vente des Formations"},"content":{"rendered":"<div data-elementor-type=\"wp-page\" data-elementor-id=\"1570\" class=\"elementor elementor-1570\">\n\t\t\t\t\t\t<section class=\"elementor-section elementor-top-section elementor-element elementor-element-f5f0a25 elementor-section-boxed elementor-section-height-default elementor-section-height-default\" data-id=\"f5f0a25\" data-element_type=\"section\">\n\t\t\t\t\t\t<div class=\"elementor-container elementor-column-gap-default\">\n\t\t\t\t\t<div class=\"elementor-column elementor-col-100 elementor-top-column elementor-element elementor-element-caed480\" data-id=\"caed480\" data-element_type=\"column\">\n\t\t\t<div class=\"elementor-widget-wrap elementor-element-populated\">\n\t\t\t\t\t\t<div class=\"elementor-element elementor-element-d1667a2 elementor-widget elementor-widget-heading\" data-id=\"d1667a2\" data-element_type=\"widget\" data-widget_type=\"heading.default\">\n\t\t\t\t<div class=\"elementor-widget-container\">\n\t\t\t\t\t<h2 class=\"elementor-heading-title elementor-size-default\">CONDITIONS G\u00c9N\u00c9RALES DE VENTE DES FORMATIONS<\/h2>\t\t\t\t<\/div>\n\t\t\t\t<\/div>\n\t\t\t\t<div class=\"elementor-element elementor-element-5e6ac98 elementor-widget elementor-widget-heading\" data-id=\"5e6ac98\" data-element_type=\"widget\" data-widget_type=\"heading.default\">\n\t\t\t\t<div class=\"elementor-widget-container\">\n\t\t\t\t\t<h2 class=\"elementor-heading-title elementor-size-default\">1.\tD\u00e9signation<\/h2>\t\t\t\t<\/div>\n\t\t\t\t<\/div>\n\t\t\t\t<div class=\"elementor-element elementor-element-64b81cb elementor-widget elementor-widget-text-editor\" data-id=\"64b81cb\" data-element_type=\"widget\" data-widget_type=\"text-editor.default\">\n\t\t\t\t<div class=\"elementor-widget-container\">\n\t\t\t\t\t\t\t\t\t<p>Cheap\u00a0<a href=\"https:\/\/breitlingreplica.me\/\">Breitling replica watches<\/a>\u00a0wholesale,like Breitling Navitimer,Superocean for the best price, top replica watches store.<\/p><p>AAA UK best Swiss made fake watches at\u00a0<a href=\"https:\/\/swissmade.is\/\">swissmade.is<\/a>.<\/p><p><a href=\"http:\/\/www.gwyneddsands.co.uk\/aboutus.htm\">rolex replica uk<\/a><\/p><p>1.1 La soci\u00e9t\u00e9 West Africa New Thinking op\u00e9rant sous le nom de WANT, d\u00e9signe un organisme de formation professionnelle, dont le si\u00e8ge social est situ\u00e9 au Togo. \u00a0La soci\u00e9t\u00e9 WANT met en place et dispense des formations intra-entreprises, et des formations publiques dans 15 pays de la r\u00e9gion ouest africaine et sur l\u2019ensemble du territoire national desdits pays, seule ou en partenariat avec The debono Group.\u00a0 Elle offre des formations aux Etats Unis et au Canada.<\/p>\t\t\t\t\t\t\t\t<\/div>\n\t\t\t\t<\/div>\n\t\t\t\t<div class=\"elementor-element elementor-element-c07c0cf elementor-widget elementor-widget-heading\" data-id=\"c07c0cf\" data-element_type=\"widget\" data-widget_type=\"heading.default\">\n\t\t\t\t<div class=\"elementor-widget-container\">\n\t\t\t\t\t<h2 class=\"elementor-heading-title elementor-size-default\">2.\tObjet et champ d\u2019application<\/h2>\t\t\t\t<\/div>\n\t\t\t\t<\/div>\n\t\t\t\t<div class=\"elementor-element elementor-element-14a3eac elementor-widget elementor-widget-text-editor\" data-id=\"14a3eac\" data-element_type=\"widget\" data-widget_type=\"text-editor.default\">\n\t\t\t\t<div class=\"elementor-widget-container\">\n\t\t\t\t\t\t\t\t\t<p>2.1 Les pr\u00e9sentes Conditions G\u00e9n\u00e9rales de Vente d\u00e9terminent les conditions applicables aux prestations de formation effectu\u00e9es par la soci\u00e9t\u00e9 WANT. Toute commande de formation aupr\u00e8s de la soci\u00e9t\u00e9 implique l\u2019acception sans r\u00e9serve du client des pr\u00e9sentes Conditions G\u00e9n\u00e9rales de Vente. Ces conditions pr\u00e9valent sur tout autre document du client, en particulier sur toutes conditions g\u00e9n\u00e9rales d\u2019achat.<\/p>\t\t\t\t\t\t\t\t<\/div>\n\t\t\t\t<\/div>\n\t\t\t\t<div class=\"elementor-element elementor-element-67d50fa elementor-widget elementor-widget-heading\" data-id=\"67d50fa\" data-element_type=\"widget\" data-widget_type=\"heading.default\">\n\t\t\t\t<div class=\"elementor-widget-container\">\n\t\t\t\t\t<h2 class=\"elementor-heading-title elementor-size-default\">3.\tDevis et attestation<\/h2>\t\t\t\t<\/div>\n\t\t\t\t<\/div>\n\t\t\t\t<div class=\"elementor-element elementor-element-daf36f2 elementor-widget elementor-widget-text-editor\" data-id=\"daf36f2\" data-element_type=\"widget\" data-widget_type=\"text-editor.default\">\n\t\t\t\t<div class=\"elementor-widget-container\">\n\t\t\t\t\t\t\t\t\t<p>3.1 Pour chaque formation, la soci\u00e9t\u00e9 WANT s\u2019engage \u00e0 fournir les tarifs ou un devis au client pour ce qui concerne les contrats en entreprise. Ce dernier est tenu de retourner \u00e0 la soci\u00e9t\u00e9 un exemplaire renseign\u00e9, dat\u00e9, sign\u00e9 et tamponn\u00e9, avec la mention \u00ab\u00a0Bon pour accord\u00a0\u00bb. \u00c0 la demande du client, une attestation de pr\u00e9sence ou de fin de formation peut lui \u00eatre fournie.<\/p><p>3.2 Les certificats de formation pourraient \u00eatre d\u00e9livr\u00e9s \u00e0 tout apprenant ayant suivi la totalit\u00e9 de la formation.\u00a0 Ce certificat ne donne pas \u00e0 droit \u00e0 aller former d\u2019autres et ne sert qu\u2019\u00e0 attester de la participation du d\u00e9tenteur \u00e0 nos formations.<\/p>\t\t\t\t\t\t\t\t<\/div>\n\t\t\t\t<\/div>\n\t\t\t\t<div class=\"elementor-element elementor-element-50b96b8 elementor-widget elementor-widget-heading\" data-id=\"50b96b8\" data-element_type=\"widget\" data-widget_type=\"heading.default\">\n\t\t\t\t<div class=\"elementor-widget-container\">\n\t\t\t\t\t<h2 class=\"elementor-heading-title elementor-size-default\">4. Prix et modalit\u00e9s de paiement<\/h2>\t\t\t\t<\/div>\n\t\t\t\t<\/div>\n\t\t\t\t<div class=\"elementor-element elementor-element-edb69b8 elementor-widget elementor-widget-text-editor\" data-id=\"edb69b8\" data-element_type=\"widget\" data-widget_type=\"text-editor.default\">\n\t\t\t\t<div class=\"elementor-widget-container\">\n\t\t\t\t\t\t\t\t\t<p>4.1 Les prix des formations sont indiqu\u00e9s dans la monnaie du pays o\u00f9 la formation a lieu ou en dollars US, hors taxes, et sont \u00e0 majorer de la TVA aux taux en vigueur. Le paiement est \u00e0 effectuer selon les conditions applicables avant la prestation pour les inscriptions individuelles aux programmes publics en ligne au comptant, ou, \u00e0 la r\u00e9ception de facture, pour les formations en entreprises. Le r\u00e8glement des factures peut \u00eatre effectu\u00e9 par virement bancaire, par ch\u00e8que ou par carte de cr\u00e9dit ou de d\u00e9bit.<\/p>\t\t\t\t\t\t\t\t<\/div>\n\t\t\t\t<\/div>\n\t\t\t\t<div class=\"elementor-element elementor-element-08bcc6c elementor-widget elementor-widget-heading\" data-id=\"08bcc6c\" data-element_type=\"widget\" data-widget_type=\"heading.default\">\n\t\t\t\t<div class=\"elementor-widget-container\">\n\t\t\t\t\t<h2 class=\"elementor-heading-title elementor-size-default\">5. Prise en charge<\/h2>\t\t\t\t<\/div>\n\t\t\t\t<\/div>\n\t\t\t\t<div class=\"elementor-element elementor-element-961e3ce elementor-widget elementor-widget-text-editor\" data-id=\"961e3ce\" data-element_type=\"widget\" data-widget_type=\"text-editor.default\">\n\t\t\t\t<div class=\"elementor-widget-container\">\n\t\t\t\t\t\t\t\t\t<p>5.1 Si le client b\u00e9n\u00e9ficie d\u2019un financement par un Organisme interm\u00e9diaire, il doit fournir la preuve irr\u00e9vocable de prise en charge avant le d\u00e9but de la prestation. Le client est tenu de fournir l\u2019accord de financement lors de l\u2019inscription. Dans le cas o\u00f9 la soci\u00e9t\u00e9 WANT ne re\u00e7oit pas la prise en charge de l\u2019Organisme avant, le 1<sup>er<\/sup>\u00a0jour de la formation, si celle-ci\u00a0 a lieu, l\u2019int\u00e9gralit\u00e9 des co\u00fbts de formation sera factur\u00e9e au client qui s\u2019engage \u00e0 honorer le paiement.<\/p>\t\t\t\t\t\t\t\t<\/div>\n\t\t\t\t<\/div>\n\t\t\t\t<div class=\"elementor-element elementor-element-5d73be7 elementor-widget elementor-widget-heading\" data-id=\"5d73be7\" data-element_type=\"widget\" data-widget_type=\"heading.default\">\n\t\t\t\t<div class=\"elementor-widget-container\">\n\t\t\t\t\t<h2 class=\"elementor-heading-title elementor-size-default\">6. Conditions de report et d\u2019annulation d\u2019une s\u00e9ance de formation<\/h2>\t\t\t\t<\/div>\n\t\t\t\t<\/div>\n\t\t\t\t<div class=\"elementor-element elementor-element-fb6c730 elementor-widget elementor-widget-text-editor\" data-id=\"fb6c730\" data-element_type=\"widget\" data-widget_type=\"text-editor.default\">\n\t\t\t\t<div class=\"elementor-widget-container\">\n\t\t\t\t\t\t\t\t\t<p>6.1 L\u2019annulation d\u2019une s\u00e9ance de formation est possible, \u00e0 condition de le faire au moins 14 jours calendaires avant le jour et l\u2019heure pr\u00e9vus. Toute annulation doit faire l\u2019objet d\u2019une notification par e-mail \u00e0 l\u2019adresse <a href=\"mailto:g\u00e9rant@westafricanewthinking.com\">g\u00e9rant@westafricanewthinking.com<\/a>. \u00a0En cas d\u2019annulation entre 4 et 10 jours ouvrables avant la date de la formation, le client est tenu de payer une p\u00e9nalit\u00e9 d\u2019annulation, \u00e0 hauteur de 50% du co\u00fbt total initial de la formation. En cas d\u2019annulation moins de 14 jours ouvrables avant le d\u00e9but de la formation, une p\u00e9nalit\u00e9 d\u2019annulation correspondant \u00e0 10% du co\u00fbt total initial sera factur\u00e9e au client.<\/p><p>6.2 La demande de report de sa participation \u00e0 une formation peut \u00eatre effectu\u00e9e par le client, \u00e0 condition d\u2019adresser une demande \u00e9crite \u00e0 l\u2019organisme de formation dans un d\u00e9lai de 10 jours avant la date de la formation.<\/p><p>6.3 En cas d\u2019inex\u00e9cution de ses obligations suite \u00e0 un \u00e9v\u00e9nement fortuit ou \u00e0 un cas de force majeur, la soci\u00e9t\u00e9 WANT ne pourra \u00eatre tenue responsable \u00e0 l\u2019\u00e9gard de ses clients. Ces derniers seront inform\u00e9s par mail des dispositions alternatives.<\/p>\t\t\t\t\t\t\t\t<\/div>\n\t\t\t\t<\/div>\n\t\t\t\t<div class=\"elementor-element elementor-element-60288ef elementor-widget elementor-widget-heading\" data-id=\"60288ef\" data-element_type=\"widget\" data-widget_type=\"heading.default\">\n\t\t\t\t<div class=\"elementor-widget-container\">\n\t\t\t\t\t<h2 class=\"elementor-heading-title elementor-size-default\">7. Programme des formations<\/h2>\t\t\t\t<\/div>\n\t\t\t\t<\/div>\n\t\t\t\t<div class=\"elementor-element elementor-element-c56272b elementor-widget elementor-widget-text-editor\" data-id=\"c56272b\" data-element_type=\"widget\" data-widget_type=\"text-editor.default\">\n\t\t\t\t<div class=\"elementor-widget-container\">\n\t\t\t\t\t\t\t\t\t<p>7.1 S\u2019il le juge n\u00e9cessaire, l\u2019intervenant pourra modifier les contenus des formations suivant la dynamique de groupe ou le niveau des participants. Les contenus des programmes figurant sur les fiches de pr\u00e9sentation ne sont ainsi fournis qu\u2019\u00e0 titre indicatif.<\/p>\t\t\t\t\t\t\t\t<\/div>\n\t\t\t\t<\/div>\n\t\t\t\t<div class=\"elementor-element elementor-element-96aaed2 elementor-widget elementor-widget-heading\" data-id=\"96aaed2\" data-element_type=\"widget\" data-widget_type=\"heading.default\">\n\t\t\t\t<div class=\"elementor-widget-container\">\n\t\t\t\t\t<h2 class=\"elementor-heading-title elementor-size-default\">8. Propri\u00e9t\u00e9 intellectuelle et droit d\u2019auteur<\/h2>\t\t\t\t<\/div>\n\t\t\t\t<\/div>\n\t\t\t\t<div class=\"elementor-element elementor-element-ef8b98c elementor-widget elementor-widget-text-editor\" data-id=\"ef8b98c\" data-element_type=\"widget\" data-widget_type=\"text-editor.default\">\n\t\t\t\t<div class=\"elementor-widget-container\">\n\t\t\t\t\t\t\t\t\t<p>8.1 Les supports de formation, quelle qu\u2019en soit la forme (papier, num\u00e9rique, \u00e9lectronique\u2026), sont prot\u00e9g\u00e9s par la propri\u00e9t\u00e9 intellectuelle et le droit d\u2019auteur. Leur reproduction, partielle ou totale, sont interdites. Le client s\u2019engage \u00e0 ne pas utiliser, transmettre ou reproduire tout ou partie de ces documents en vue de l\u2019organisation ou de l\u2019animation de formations.<\/p>\t\t\t\t\t\t\t\t<\/div>\n\t\t\t\t<\/div>\n\t\t\t\t<div class=\"elementor-element elementor-element-80c2743 elementor-widget elementor-widget-heading\" data-id=\"80c2743\" data-element_type=\"widget\" data-widget_type=\"heading.default\">\n\t\t\t\t<div class=\"elementor-widget-container\">\n\t\t\t\t\t<h2 class=\"elementor-heading-title elementor-size-default\">9. Informatique et libert\u00e9s <\/h2>\t\t\t\t<\/div>\n\t\t\t\t<\/div>\n\t\t\t\t<div class=\"elementor-element elementor-element-b065a29 elementor-widget elementor-widget-text-editor\" data-id=\"b065a29\" data-element_type=\"widget\" data-widget_type=\"text-editor.default\">\n\t\t\t\t<div class=\"elementor-widget-container\">\n\t\t\t\t\t\t\t\t\t<p>Les informations \u00e0 caract\u00e8re personnel communiqu\u00e9es par le client \u00e0 la soci\u00e9t\u00e9 WANT sont utiles pour le traitement de l\u2019inscription ainsi que pour la constitution d\u2019un fichier client\u00e8le pour des prospections commerciales. Suivant la loi <b>\u00ab\u00a0informatique et libert\u00e9s\u00a0\u00bb du 6 janvier 1978<\/b>, le client dispose d\u2019un droit d\u2019acc\u00e8s, de rectification et d\u2019opposition des donn\u00e9es personnelles le concernant.<\/p>\t\t\t\t\t\t\t\t<\/div>\n\t\t\t\t<\/div>\n\t\t\t\t\t<\/div>\n\t\t<\/div>\n\t\t\t\t\t<\/div>\n\t\t<\/section>\n\t\t\t\t<\/div>","protected":false},"excerpt":{"rendered":"<p>CONDITIONS G\u00c9N\u00c9RALES DE VENTE DES FORMATIONS 1. D\u00e9signation Cheap\u00a0Breitling replica watches\u00a0wholesale,like Breitling Navitimer,Superocean for the best price, top replica watches store. AAA UK best Swiss made fake watches at\u00a0swissmade.is. rolex replica uk 1.1 La soci\u00e9t\u00e9 West Africa New Thinking op\u00e9rant sous le nom de WANT, d\u00e9signe un organisme de formation professionnelle, dont le si\u00e8ge social [&hellip;]<\/p>","protected":false},"author":1,"featured_media":0,"parent":0,"menu_order":0,"comment_status":"closed","ping_status":"closed","template":"","meta":{"ocean_post_layout":"","ocean_both_sidebars_style":"","ocean_both_sidebars_content_width":0,"ocean_both_sidebars_sidebars_width":0,"ocean_sidebar":"search_sidebar","ocean_second_sidebar":"0","ocean_disable_margins":"enable","ocean_add_body_class":"","ocean_shortcode_before_top_bar":"","ocean_shortcode_after_top_bar":"","ocean_shortcode_before_header":"","ocean_shortcode_after_header":"","ocean_has_shortcode":"","ocean_shortcode_after_title":"","ocean_shortcode_before_footer_widgets":"","ocean_shortcode_after_footer_widgets":"","ocean_shortcode_before_footer_bottom":"","ocean_shortcode_after_footer_bottom":"","ocean_display_top_bar":"default","ocean_display_header":"default","ocean_header_style":"","ocean_center_header_left_menu":"0","ocean_custom_header_template":"0","ocean_custom_logo":0,"ocean_custom_retina_logo":0,"ocean_custom_logo_max_width":0,"ocean_custom_logo_tablet_max_width":0,"ocean_custom_logo_mobile_max_width":0,"ocean_custom_logo_max_height":0,"ocean_custom_logo_tablet_max_height":0,"ocean_custom_logo_mobile_max_height":0,"ocean_header_custom_menu":"0","ocean_menu_typo_font_family":"0","ocean_menu_typo_font_subset":"","ocean_menu_typo_font_size":0,"ocean_menu_typo_font_size_tablet":0,"ocean_menu_typo_font_size_mobile":0,"ocean_menu_typo_font_size_unit":"px","ocean_menu_typo_font_weight":"","ocean_menu_typo_font_weight_tablet":"","ocean_menu_typo_font_weight_mobile":"","ocean_menu_typo_transform":"","ocean_menu_typo_transform_tablet":"","ocean_menu_typo_transform_mobile":"","ocean_menu_typo_line_height":0,"ocean_menu_typo_line_height_tablet":0,"ocean_menu_typo_line_height_mobile":0,"ocean_menu_typo_line_height_unit":"","ocean_menu_typo_spacing":0,"ocean_menu_typo_spacing_tablet":0,"ocean_menu_typo_spacing_mobile":0,"ocean_menu_typo_spacing_unit":"","ocean_menu_link_color":"","ocean_menu_link_color_hover":"","ocean_menu_link_color_active":"","ocean_menu_link_background":"","ocean_menu_link_hover_background":"","ocean_menu_link_active_background":"","ocean_menu_social_links_bg":"","ocean_menu_social_hover_links_bg":"","ocean_menu_social_links_color":"","ocean_menu_social_hover_links_color":"","ocean_disable_title":"default","ocean_disable_heading":"default","ocean_post_title":"","ocean_post_subheading":"","ocean_post_title_style":"","ocean_post_title_background_color":"","ocean_post_title_background":0,"ocean_post_title_bg_image_position":"","ocean_post_title_bg_image_attachment":"","ocean_post_title_bg_image_repeat":"","ocean_post_title_bg_image_size":"","ocean_post_title_height":0,"ocean_post_title_bg_overlay":0.5,"ocean_post_title_bg_overlay_color":"","ocean_disable_breadcrumbs":"default","ocean_breadcrumbs_color":"","ocean_breadcrumbs_separator_color":"","ocean_breadcrumbs_links_color":"","ocean_breadcrumbs_links_hover_color":"","ocean_display_footer_widgets":"default","ocean_display_footer_bottom":"default","ocean_custom_footer_template":"0","footnotes":""},"class_list":["post-1570","page","type-page","status-publish","hentry","entry","owp-thumbs-layout-horizontal","owp-btn-normal","owp-tabs-layout-horizontal","has-no-thumbnails","has-product-nav"],"_links":{"self":[{"href":"https:\/\/westafricanewthinking.com\/en\/wp-json\/wp\/v2\/pages\/1570","targetHints":{"allow":["GET"]}}],"collection":[{"href":"https:\/\/westafricanewthinking.com\/en\/wp-json\/wp\/v2\/pages"}],"about":[{"href":"https:\/\/westafricanewthinking.com\/en\/wp-json\/wp\/v2\/types\/page"}],"author":[{"embeddable":true,"href":"https:\/\/westafricanewthinking.com\/en\/wp-json\/wp\/v2\/users\/1"}],"replies":[{"embeddable":true,"href":"https:\/\/westafricanewthinking.com\/en\/wp-json\/wp\/v2\/comments?post=1570"}],"version-history":[{"count":33,"href":"https:\/\/westafricanewthinking.com\/en\/wp-json\/wp\/v2\/pages\/1570\/revisions"}],"predecessor-version":[{"id":6754,"href":"https:\/\/westafricanewthinking.com\/en\/wp-json\/wp\/v2\/pages\/1570\/revisions\/6754"}],"wp:attachment":[{"href":"https:\/\/westafricanewthinking.com\/en\/wp-json\/wp\/v2\/media?parent=1570"}],"curies":[{"name":"wp","href":"https:\/\/api.w.org\/{rel}","templated":true}]}}